{"id":14,"date":"2017-03-04T14:29:03","date_gmt":"2017-03-04T14:29:03","guid":{"rendered":"http:\/\/themewisdom.com\/demo\/wpm\/doctor\/?page_id=14"},"modified":"2023-03-22T08:11:33","modified_gmt":"2023-03-22T08:11:33","slug":"dienste","status":"publish","type":"page","link":"https:\/\/mehmetemingunes.com\/de\/dienste\/","title":{"rendered":"Dienste"},"content":{"rendered":"<p>[vc_row][vc_column]\t<!-- Department Section -->\r\n\t<div class=\"department-section container-fluid no-left-padding no-right-padding\">\r\n\t\t<!-- Container -->\r\n\t\t<div class=\"container\">\r\n\t\t\t\t\r\n\t\t\t\t\t<div class=\"row\">\r\n\t\t\t\t\t\t\t\t\t\t\t\t\t\t\t<div class=\"col-md-2 col-sm-6 col-xs-6 department-box\">\r\n\t\t\t\t\t\t\t\t\t\t<div class=\"department-img-block\">\r\n\t\t\t\t\t\t\t\t\t\t\t<img decoding=\"async\" width=\"85\" height=\"85\" src=\"https:\/\/mehmetemingunes.com\/de\/wp-content\/uploads\/2021\/03\/dept-3.png\" class=\"attachment-full size-full\" alt=\"\" \/><a href=\"https:\/\/mehmetemingunes.com\/de\/generelle-operation\/\" title=\"Generelle Operation\">Generelle Operation<\/a>\t\t\t\t\t\t\t\t\t\t<\/div>\r\n\t\t\t\t\t\t\t\t\t<\/div>\r\n\t\t\t\t\t\t\t\t\t\t\t\t\t\t\t\t\t\t<div class=\"col-md-2 col-sm-6 col-xs-6 department-box\">\r\n\t\t\t\t\t\t\t\t\t\t<div class=\"department-img-block\">\r\n\t\t\t\t\t\t\t\t\t\t\t<img decoding=\"async\" width=\"85\" height=\"85\" src=\"https:\/\/mehmetemingunes.com\/de\/wp-content\/uploads\/2021\/03\/dept-2.png\" class=\"attachment-full size-full\" alt=\"\" \/><a href=\"https:\/\/mehmetemingunes.com\/de\/onkologische-chirurgie\/\" title=\"Onkologische Chirurgie\">Onkologische Chirurgie<\/a>\t\t\t\t\t\t\t\t\t\t<\/div>\r\n\t\t\t\t\t\t\t\t\t<\/div>\r\n\t\t\t\t\t\t\t\t\t\t\t\t\t\t\t\t\t\t<div class=\"col-md-2 col-sm-6 col-xs-6 department-box\">\r\n\t\t\t\t\t\t\t\t\t\t<div class=\"department-img-block\">\r\n\t\t\t\t\t\t\t\t\t\t\t<img decoding=\"async\" width=\"85\" height=\"85\" src=\"https:\/\/mehmetemingunes.com\/de\/wp-content\/uploads\/2021\/03\/dept-4.png\" class=\"attachment-full size-full\" alt=\"\" \/><a href=\"https:\/\/mehmetemingunes.com\/de\/fettleibigkeit-und-stoffwechsel\/\" title=\"Fettleibigkeit und Stoffwechsel\">Fettleibigkeit und Stoffwechsel<\/a>\t\t\t\t\t\t\t\t\t\t<\/div>\r\n\t\t\t\t\t\t\t\t\t<\/div>\r\n\t\t\t\t\t\t\t\t\t\t\t\t\t\t\t\t\t\t<div class=\"col-md-2 col-sm-6 col-xs-6 department-box\">\r\n\t\t\t\t\t\t\t\t\t\t<div class=\"department-img-block\">\r\n\t\t\t\t\t\t\t\t\t\t\t<img decoding=\"async\" width=\"85\" height=\"85\" src=\"https:\/\/mehmetemingunes.com\/de\/wp-content\/uploads\/2021\/03\/dept-1.png\" class=\"attachment-full size-full\" alt=\"\" \/><a href=\"https:\/\/mehmetemingunes.com\/de\/mesotherapie\/\" title=\"Mesotherapie\">Mesotherapie<\/a>\t\t\t\t\t\t\t\t\t\t<\/div>\r\n\t\t\t\t\t\t\t\t\t<\/div>\r\n\t\t\t\t\t\t\t\t\t\t\t\t\t\t\t\t\t\t<div class=\"col-md-2 col-sm-6 col-xs-6 department-box\">\r\n\t\t\t\t\t\t\t\t\t\t<div class=\"department-img-block\">\r\n\t\t\t\t\t\t\t\t\t\t\t<img decoding=\"async\" width=\"85\" height=\"85\" src=\"https:\/\/mehmetemingunes.com\/de\/wp-content\/uploads\/2021\/03\/dept-6.png\" class=\"attachment-full size-full\" alt=\"\" \/><a href=\"https:\/\/mehmetemingunes.com\/de\/schilddr\u00fcsenchirurgie\/\" title=\"Schilddr\u00fcsenchirurgie\">Schilddr\u00fcsenchirurgie<\/a>\t\t\t\t\t\t\t\t\t\t<\/div>\r\n\t\t\t\t\t\t\t\t\t<\/div>\r\n\t\t\t\t\t\t\t\t\t\t\t\t\t\t\t\t\t\t<div class=\"col-md-2 col-sm-6 col-xs-6 department-box\">\r\n\t\t\t\t\t\t\t\t\t\t<div class=\"department-img-block\">\r\n\t\t\t\t\t\t\t\t\t\t\t<img decoding=\"async\" width=\"85\" height=\"85\" src=\"https:\/\/mehmetemingunes.com\/de\/wp-content\/uploads\/2021\/03\/dept-5.png\" class=\"attachment-full size-full\" alt=\"\" \/><a href=\"https:\/\/mehmetemingunes.com\/de\/brustchirurgie\/\" title=\"Brustchirurgie\">Brustchirurgie<\/a>\t\t\t\t\t\t\t\t\t\t<\/div>\r\n\t\t\t\t\t\t\t\t\t<\/div>\r\n\t\t\t\t\t\t\t\t\t\t\t\t\t\t\t\t\t\t<div class=\"col-md-2 col-sm-6 col-xs-6 department-box\">\r\n\t\t\t\t\t\t\t\t\t\t<div class=\"department-img-block\">\r\n\t\t\t\t\t\t\t\t\t\t\t<img decoding=\"async\" width=\"85\" height=\"85\" src=\"https:\/\/mehmetemingunes.com\/de\/wp-content\/uploads\/2021\/03\/dept-7.png\" class=\"attachment-full size-full\" alt=\"\" \/><a href=\"https:\/\/mehmetemingunes.com\/de\/chirurgie-des-verdauungssystems\/\" title=\"Chirurgie des Verdauungssystems\">Chirurgie des Verdauungssystems<\/a>\t\t\t\t\t\t\t\t\t\t<\/div>\r\n\t\t\t\t\t\t\t\t\t<\/div>\r\n\t\t\t\t\t\t\t\t\t\t\t\t\t\t\t\t\t\t<div class=\"col-md-2 col-sm-6 col-xs-6 department-box\">\r\n\t\t\t\t\t\t\t\t\t\t<div class=\"department-img-block\">\r\n\t\t\t\t\t\t\t\t\t\t\t<img decoding=\"async\" width=\"85\" height=\"85\" src=\"https:\/\/mehmetemingunes.com\/de\/wp-content\/uploads\/2021\/03\/dept-8.png\" class=\"attachment-full size-full\" alt=\"\" \/><a href=\"https:\/\/mehmetemingunes.com\/de\/leber-und-gallenwege\/\" title=\"Leber und Gallenwege\">Leber und Gallenwege<\/a>\t\t\t\t\t\t\t\t\t\t<\/div>\r\n\t\t\t\t\t\t\t\t\t<\/div>\r\n\t\t\t\t\t\t\t\t\t\t\t\t\t\t\t\t\t\t<div class=\"col-md-2 col-sm-6 col-xs-6 department-box\">\r\n\t\t\t\t\t\t\t\t\t\t<div class=\"department-img-block\">\r\n\t\t\t\t\t\t\t\t\t\t\t<img decoding=\"async\" width=\"85\" height=\"85\" src=\"https:\/\/mehmetemingunes.com\/de\/wp-content\/uploads\/2021\/03\/dept-10.png\" class=\"attachment-full size-full\" alt=\"\" \/><a href=\"https:\/\/mehmetemingunes.com\/de\/endoskopie\/\" title=\"Endoskopie\">Endoskopie<\/a>\t\t\t\t\t\t\t\t\t\t<\/div>\r\n\t\t\t\t\t\t\t\t\t<\/div>\r\n\t\t\t\t\t\t\t\t\t\t\t\t\t\t\t\t\t\t<div class=\"col-md-2 col-sm-6 col-xs-6 department-box\">\r\n\t\t\t\t\t\t\t\t\t\t<div class=\"department-img-block\">\r\n\t\t\t\t\t\t\t\t\t\t\t<img decoding=\"async\" width=\"85\" height=\"85\" src=\"https:\/\/mehmetemingunes.com\/de\/wp-content\/uploads\/2021\/03\/dept-9-1.png\" class=\"attachment-full size-full\" alt=\"\" \/><a href=\"https:\/\/mehmetemingunes.com\/de\/notoperation\/\" title=\"Notoperation\">Notoperation<\/a>\t\t\t\t\t\t\t\t\t\t<\/div>\r\n\t\t\t\t\t\t\t\t\t<\/div>\r\n\t\t\t\t\t\t\t\t\t\t\t\t\t\t<\/div>\r\n\t\t\t\t\t\t\t<\/div><!-- Container \/- -->\r\n\t<\/div><!-- Department Section -->\r\n\t[\/vc_column][\/vc_row][vc_row el_class=&#8221;my-cc&#8221;][vc_column]\t<!-- Offer Section -->\r\n\t<div class=\"offer-section container-fluid no-left-padding no-right-padding\" style='background-image: url();'>\r\n\t\t<!-- Container -->\r\n\t\t<div class=\"container\">\r\n\t\t\t\t\t\t\t\t<!-- Section Header -->\r\n\t\t\t\t\t<div class=\"section-header\">\r\n\t\t\t\t\t\t<h3>What We Offer<\/h3>\r\n\t\t\t\t\t<\/div><!-- Section Header \/- -->\r\n\t\t\t\t\t\t\t\t\t\t<div class=\"offer-carousel\">\r\n\t\t\t\t\t\t\t\t\t\t\t\t\t\t\t<div class=\"offer-box\">\r\n\t\t\t\t\t\t\t\t\t\t<i class=\"fa fa-hospital-o\"><\/i><h5>30 Jahre Erfahrung<\/h5><p>Mit \u00fcber 30 Jahren chirurgischer Erfahrung bieten wir Patienten die am besten geeigneten und modernsten Behandlungsm\u00f6glichkeiten.<\/p>\n<a href=\"https:\/\/mehmetemingunes.com\/de\/biografie\/\" title=\"Biografie\">Biografie<\/a>\t\t\t\t\t\t\t\t\t<\/div>\r\n\t\t\t\t\t\t\t\t\t\t\t\t\t\t\t\t\t\t<div class=\"offer-box\">\r\n\t\t\t\t\t\t\t\t\t\t<i class=\"fa fa-user-md\"><\/i><h5>Professionelles Team<\/h5><p>Wir bewerten alle Aspekte des Betriebs mit unserem kompetenten multidisziplin\u00e4ren Team.<\/p>\n<a href=\"https:\/\/mehmetemingunes.com\/de\/dienste\/\" title=\"Dienste\">Dienste<\/a>\t\t\t\t\t\t\t\t\t<\/div>\r\n\t\t\t\t\t\t\t\t\t\t\t\t\t\t\t\t\t\t<div class=\"offer-box\">\r\n\t\t\t\t\t\t\t\t\t\t<i class=\"fa fa-smile-o\"><\/i><h5>Patientenzufriedenheit<\/h5><p>Wir sorgen f\u00fcr die Zufriedenheit und den Komfort der Patienten auf die beste Weise, indem wir das Prinzip \"first do no harm\" beachten.<\/p>\n<a href=\"https:\/\/www.doktortakvimi.com\/mehmet-emin-gunes\/genel-cerrahi\/istanbul\" title=\"Kommentare\">Kommentare<\/a>\t\t\t\t\t\t\t\t\t<\/div>\r\n\t\t\t\t\t\t\t\t\t\t\t\t\t\t<\/div>\r\n\t\t\t\t\t\t\t<\/div><!-- Container -->\r\n\t<\/div><!-- Offer Section \/- -->\r\n\t[\/vc_column][\/vc_row][vc_row][vc_column]\t<!-- Other Services -->\r\n\t<div class=\"other-services container-fluid no-left-padding no-right-padding\">\r\n\t\t<!-- Container -->\r\n\t\t<div class=\"container\">\r\n\t\t\t\t\t\t\t\t<!-- Section Header -->\r\n\t\t\t\t\t<div class=\"section-header\">\r\n\t\t\t\t\t\t<h3>Unsere Prinzipien<\/h3>\r\n\t\t\t\t\t<\/div><!-- Section Header \/- -->\r\n\t\t\t\t\t\t\t\t\t\t<div class=\"row srv-box\">\r\n\t\t\t\t\t\t\t\t\t\t\t\t\t\t\t<div class=\"col-md-4 col-sm-6 col-xs-6\">\r\n\t\t\t\t\t\t\t\t\t\t<div class=\"other-services-block\">\r\n\t\t\t\t\t\t\t\t\t\t\t\t\t\t\t\t\t\t\t\t\t\t\t\t<div class=\"services-block-icon\">\r\n\t\t\t\t\t\t\t\t\t\t\t\t\t\t<i class=\"fa fa-male\"><\/i>\r\n\t\t\t\t\t\t\t\t\t\t\t\t\t<\/div>\r\n\t\t\t\t\t\t\t\t\t\t\t\t\t\t\t\t\t\t\t\t\t\t\t\t<div class=\"other-services-content\">\r\n\t\t\t\t\t\t\t\t\t\t\t\t<h5>Es gibt keine Krankheit, aber es gibt &quot;Krank&quot;<\/h5><p>Die Behandlung jedes Patienten muss individuell angepasst werden. In der heutigen Medizin wissen wir, dass der K\u00f6rper jedes Individuums auf die gleichen pathologischen Ereignisse unterschiedlich reagiert.<\/p>\n\t\t\t\t\t\t\t\t\t\t\t<\/div>\r\n\t\t\t\t\t\t\t\t\t\t<\/div>\r\n\t\t\t\t\t\t\t\t\t<\/div>\r\n\t\t\t\t\t\t\t\t\t\t\t\t\t\t\t\t\t\t<div class=\"col-md-4 col-sm-6 col-xs-6\">\r\n\t\t\t\t\t\t\t\t\t\t<div class=\"other-services-block\">\r\n\t\t\t\t\t\t\t\t\t\t\t\t\t\t\t\t\t\t\t\t\t\t\t\t<div class=\"services-block-icon\">\r\n\t\t\t\t\t\t\t\t\t\t\t\t\t\t<i class=\"fa fa-thumbs-up\"><\/i>\r\n\t\t\t\t\t\t\t\t\t\t\t\t\t<\/div>\r\n\t\t\t\t\t\t\t\t\t\t\t\t\t\t\t\t\t\t\t\t\t\t\t\t<div class=\"other-services-content\">\r\n\t\t\t\t\t\t\t\t\t\t\t\t<h5>Primum Non Nocere<\/h5><p>\"Erstens, schade nicht.\"<br \/>\nDas wichtigste Prinzip in der Medizin ist, nicht zu schaden, w\u00e4hrend man heilt. Daher sollte vor jedem Eingriff die Notwendigkeit und Angemessenheit des Eingriffs eingehend gepr\u00fcft werden.<\/p>\n\t\t\t\t\t\t\t\t\t\t\t<\/div>\r\n\t\t\t\t\t\t\t\t\t\t<\/div>\r\n\t\t\t\t\t\t\t\t\t<\/div>\r\n\t\t\t\t\t\t\t\t\t\t\t\t\t\t\t\t\t\t<div class=\"col-md-4 col-sm-6 col-xs-6\">\r\n\t\t\t\t\t\t\t\t\t\t<div class=\"other-services-block\">\r\n\t\t\t\t\t\t\t\t\t\t\t\t\t\t\t\t\t\t\t\t\t\t\t\t<div class=\"services-block-icon\">\r\n\t\t\t\t\t\t\t\t\t\t\t\t\t\t<i class=\"fa fa-users\"><\/i>\r\n\t\t\t\t\t\t\t\t\t\t\t\t\t<\/div>\r\n\t\t\t\t\t\t\t\t\t\t\t\t\t\t\t\t\t\t\t\t\t\t\t\t<div class=\"other-services-content\">\r\n\t\t\t\t\t\t\t\t\t\t\t\t<h5>Biopsychosozialer Ansatz<\/h5><p>Es ist unvermeidlich, dass die physiopathologischen Ver\u00e4nderungen im menschlichen K\u00f6rper das soziale und psychologische Leben der Person beeinflussen. In der Allgemeinchirurgie ist ein multidisziplin\u00e4rer Ansatz unerl\u00e4sslich.<\/p>\n\t\t\t\t\t\t\t\t\t\t\t<\/div>\r\n\t\t\t\t\t\t\t\t\t\t<\/div>\r\n\t\t\t\t\t\t\t\t\t<\/div>\r\n\t\t\t\t\t\t\t\t\t\t\t\t\t\t<\/div>\r\n\t\t\t\t\t\t\t<\/div><!-- Container \/- -->\r\n\t<\/div><!-- Other Services -->\r\n\t[\/vc_column][\/vc_row][vc_row][vc_column]\t<!-- Extra Services -->\r\n\t<div class=\"extra-services container-fluid no-left-padding no-right-padding\" style='background-image: url(https:\/\/mehmetemingunes.com\/de\/wp-content\/uploads\/2021\/03\/banner-5.jpg);'>\r\n\t\t<!-- Container -->\r\n\t\t<div class=\"container\">\r\n\t\t\t\t\t\t\t\t<!-- Section Header -->\r\n\t\t\t\t\t<div class=\"section-header\">\r\n\t\t\t\t\t\t<h3>Zeitraum<\/h3>\r\n\t\t\t\t\t<\/div><!-- Section Header \/- -->\r\n\t\t\t\t\t\t\t\t\t\t<div class=\"row\">\r\n\t\t\t\t\t\t\t\t\t\t\t\t\t\t\t<div class=\"col-md-4 col-sm-6 col-xs-6\">\r\n\t\t\t\t\t\t\t\t\t\t<div class=\"extra-box\">\r\n\t\t\t\t\t\t\t\t\t\t\t<i class=\"fa fa-stethoscope\"><\/i><h5>Diagnose<\/h5><p>\u015eikayete ba\u011fl\u0131 ba\u015fvurular\u0131n Wir diagnostizieren beschwerdebezogene Anwendungen und unsere regelm\u00e4\u00dfigen Check-up-Patienten auf klinischer Ebene.ve d\u00fczenli Check-up hastalar\u0131m\u0131z\u0131n tan\u0131s\u0131n\u0131, klinik d\u00fczeyde koyuyoruz.<\/p>\n\t\t\t\t\t\t\t\t\t\t<\/div>\r\n\t\t\t\t\t\t\t\t\t<\/div>\r\n\t\t\t\t\t\t\t\t\t\t\t\t\t\t\t\t\t\t<div class=\"col-md-4 col-sm-6 col-xs-6\">\r\n\t\t\t\t\t\t\t\t\t\t<div class=\"extra-box\">\r\n\t\t\t\t\t\t\t\t\t\t\t<i class=\"fa fa-medkit\"><\/i><h5>Behandlung<\/h5><p>Wir ermitteln die f\u00fcr unsere Patienten am besten geeigneten Behandlungsmethoden, sowohl medizinisch als auch operativ, und wenden sie sorgf\u00e4ltig an.<\/p>\n\t\t\t\t\t\t\t\t\t\t<\/div>\r\n\t\t\t\t\t\t\t\t\t<\/div>\r\n\t\t\t\t\t\t\t\t\t\t\t\t\t\t\t\t\t\t<div class=\"col-md-4 col-sm-6 col-xs-6\">\r\n\t\t\t\t\t\t\t\t\t\t<div class=\"extra-box\">\r\n\t\t\t\t\t\t\t\t\t\t\t<i class=\"fa fa-hospital-o\"><\/i><h5>Nachverfolgen<\/h5><p>Wir bewerten die Prognose unserer Patienten mit Methoden wie Endoskopie, radiologische Bildgebung, Biopsie und klinischer Nachsorge.<\/p>\n\t\t\t\t\t\t\t\t\t\t<\/div>\r\n\t\t\t\t\t\t\t\t\t<\/div>\r\n\t\t\t\t\t\t\t\t\t\t\t\t\t\t<\/div>\r\n\t\t\t\t\t\t\t<\/div><!-- Container \/- -->\r\n\t<\/div><!-- Extra Services \/- -->\r\n\t[\/vc_column][\/vc_row][vc_row][vc_column][vc_empty_space height=&#8221;100px&#8221;][\/vc_column][\/vc_row]<\/p>\n","protected":false},"excerpt":{"rendered":"<p>[vc_row][vc_column][\/vc_column][\/vc_row][vc_row el_class=&#8221;my-cc&#8221;][vc_column][\/vc_column][\/vc_row][vc_row][vc_column][\/vc_column][\/vc_row][vc_row][vc_column][\/vc_column][\/vc_row][vc_row][vc_column][vc_empty_space height=&#8221;100px&#8221;][\/vc_column][\/vc_row]<\/p>\n","protected":false},"author":1,"featured_media":0,"parent":0,"menu_order":0,"comment_status":"closed","ping_status":"closed","template":"","meta":{"footnotes":""},"class_list":["post-14","page","type-page","status-publish","hentry"],"_links":{"self":[{"href":"https:\/\/mehmetemingunes.com\/de\/wp-json\/wp\/v2\/pages\/14","targetHints":{"allow":["GET"]}}],"collection":[{"href":"https:\/\/mehmetemingunes.com\/de\/wp-json\/wp\/v2\/pages"}],"about":[{"href":"https:\/\/mehmetemingunes.com\/de\/wp-json\/wp\/v2\/types\/page"}],"author":[{"embeddable":true,"href":"https:\/\/mehmetemingunes.com\/de\/wp-json\/wp\/v2\/users\/1"}],"replies":[{"embeddable":true,"href":"https:\/\/mehmetemingunes.com\/de\/wp-json\/wp\/v2\/comments?post=14"}],"version-history":[{"count":3,"href":"https:\/\/mehmetemingunes.com\/de\/wp-json\/wp\/v2\/pages\/14\/revisions"}],"predecessor-version":[{"id":949,"href":"https:\/\/mehmetemingunes.com\/de\/wp-json\/wp\/v2\/pages\/14\/revisions\/949"}],"wp:attachment":[{"href":"https:\/\/mehmetemingunes.com\/de\/wp-json\/wp\/v2\/media?parent=14"}],"curies":[{"name":"wp","href":"https:\/\/api.w.org\/{rel}","templated":true}]}}