{"id":19,"date":"2017-03-04T14:32:04","date_gmt":"2017-03-04T14:32:04","guid":{"rendered":"http:\/\/themewisdom.com\/demo\/wpm\/doctor\/?page_id=19"},"modified":"2023-03-21T11:42:31","modified_gmt":"2023-03-21T11:42:31","slug":"andere-neuigkeiten","status":"publish","type":"page","link":"https:\/\/mehmetemingunes.com\/de\/andere-neuigkeiten\/","title":{"rendered":"Nachricht"},"content":{"rendered":"<p>[vc_row][vc_column width=&#8221;1\/6&#8243;][\/vc_column][vc_column width=&#8221;1\/6&#8243;][vc_single_image image=&#8221;848&#8243; img_size=&#8221;960&#215;540&#8243; alignment=&#8221;center&#8221;][vc_custom_heading text=&#8221;Pandemie, Medizin und Schreiben&#8221; font_container=&#8221;tag:h2|text_align:center&#8221; google_fonts=&#8221;font_family:Raleway%3A100%2C200%2C300%2Cregular%2C500%2C600%2C700%2C800%2C900|font_style:700%20bold%20regular%3A700%3Anormal&#8221;][vc_separator][vc_column_text]<\/p>\n<p class=\"summary\">Der Facharzt f\u00fcr Allgemeinchirurgie Mehmet Emin G\u00fcne\u015f sprach \u00fcber sein viertes Buch \u201eL\u00f6wenzahn\u201c. G\u00fcne\u015f sagte, der Slogan des Buches, das er w\u00e4hrend des schwierigen Pandemieprozesses geschrieben habe, sei \u201eWenn du das Licht tr\u00e4gst, musst du in die Dunkelheit eintreten\u201c.<\/p>\n<p>[\/vc_column_text][vc_btn title=&#8221;Gehen Sie zu Nachrichten&#8221; align=&#8221;center&#8221; link=&#8221;url:https%3A%2F%2Fwww.iha.com.tr%2Fhaber-pandemide-gece-gunduz-calisan-doktor-dorduncu-kitabini-cikardi-908196%2F&#8221;][\/vc_column][vc_column width=&#8221;1\/6&#8243; el_class=&#8221;ml&#8221;][vc_single_image image=&#8221;849&#8243; img_size=&#8221;960&#215;540&#8243; alignment=&#8221;center&#8221;][vc_custom_heading text=&#8221;Hospitality-Team&#8221; font_container=&#8221;tag:h2|text_align:center&#8221; google_fonts=&#8221;font_family:Raleway%3A100%2C200%2C300%2Cregular%2C500%2C600%2C700%2C800%2C900|font_style:700%20bold%20regular%3A700%3Anormal&#8221;][vc_separator][vc_column_text]Bakirk\u00f6y Dr. Das Ausbildungs- und Forschungskrankenhaus Sadi Konuk hat mit der Gr\u00fcndung von \u201eSms Line\u201c und \u201eHal-Hat\u0131r Teams\u201c neue Wege beschritten. Der Chefarzt des Krankenhauses, der die Patienten in jeder Hinsicht unterst\u00fctzt, Dr. Wir haben uns mit Mehmet Emin G\u00fcne\u015f getroffen.[\/vc_column_text][vc_btn title=&#8221;Gehen Sie zu Nachrichten&#8221; align=&#8221;center&#8221; link=&#8221;url:https%3A%2F%2Fwww.aksam.com.tr%2Fpazar%2Fhastanede-halhatir-timi%2Fhaber-647049%3Ffbclid%3DIwAR0_dUoedNhuBmev5Y2xWGaBVSi7_rySZSO7ddtDWHSFJN7GbfruDacDMJ4&#8243;][\/vc_column][vc_column width=&#8221;1\/6&#8243; el_class=&#8221;ml&#8221;][vc_single_image image=&#8221;850&#8243; img_size=&#8221;960&#215;540&#8243; alignment=&#8221;center&#8221;][vc_custom_heading text=&#8221;Chirurg und Schriftsteller&#8221; font_container=&#8221;tag:h2|text_align:center&#8221; google_fonts=&#8221;font_family:Raleway%3A100%2C200%2C300%2Cregular%2C500%2C600%2C700%2C800%2C900|font_style:700%20bold%20regular%3A700%3Anormal&#8221;][vc_separator][vc_column_text]W\u00e4hrend des neuartigen Coronavirus-Prozesses (Kovid-19) hat General Surgery Specialist Assoc. DR. Mehmet Emin G\u00fcne\u015f erkl\u00e4rte, dass er weiterhin als aktiver Arzt arbeite, dass er gerne operiere und dass der Operationssaal der Ort sei, an dem er am friedlichsten sei.[\/vc_column_text][vc_btn title=&#8221;Gehen Sie zu Nachrichten&#8221; align=&#8221;center&#8221; link=&#8221;url:https%3A%2F%2Fwww.aa.com.tr%2Ftr%2Fkultur-sanat%2Fcerrah-ve-yazar-gunes-kaleme-aldigi-eserleriyle-insanlarin-ruhuna-dokunmak-istiyor%2F2218516&#8243;][\/vc_column][vc_column width=&#8221;1\/6&#8243; el_class=&#8221;ml&#8221;][vc_single_image image=&#8221;851&#8243; img_size=&#8221;960&#215;540&#8243; alignment=&#8221;center&#8221;][vc_custom_heading text=&#8221;Fr\u00fcherkennung bei Brustkrebs&#8221; font_container=&#8221;tag:h2|text_align:center&#8221; google_fonts=&#8221;font_family:Raleway%3A100%2C200%2C300%2Cregular%2C500%2C600%2C700%2C800%2C900|font_style:700%20bold%20regular%3A700%3Anormal&#8221;][vc_separator][vc_column_text]Facharzt f\u00fcr Brust- und Schilddr\u00fcsenchirurgie Assoc. DR. In dem Programm, das mit der Pr\u00e4sentation von Mehmet Emin G\u00fcne\u015f stattfand, wurden den Teilnehmern die Probleme genannt, die beachtet werden m\u00fcssen, und die Bedeutung einer fr\u00fchen Diagnose.[\/vc_column_text][vc_btn title=&#8221;Gehen Sie zu Nachrichten&#8221; align=&#8221;center&#8221; link=&#8221;url:https%3A%2F%2Fwww.haberdar.com.tr%2Fsaglik%2Fmeme-kanserinde-erken-tani-h33234.html&#8221;][\/vc_column][vc_column width=&#8221;1\/6&#8243;][\/vc_column][\/vc_row][vc_row][vc_column width=&#8221;1\/6&#8243;][\/vc_column][vc_column width=&#8221;1\/6&#8243;][vc_single_image image=&#8221;874&#8243; img_size=&#8221;960&#215;540&#8243; alignment=&#8221;center&#8221;][vc_custom_heading text=&#8221;Assoz. DR. Wer ist Mehmet Emin G\u00fcnes?&#8221; font_container=&#8221;tag:h2|text_align:center&#8221; google_fonts=&#8221;font_family:Raleway%3A100%2C200%2C300%2Cregular%2C500%2C600%2C700%2C800%2C900|font_style:700%20bold%20regular%3A700%3Anormal&#8221;][vc_separator][vc_column_text]<\/p>\n<p class=\"post-spot mb-0 pt-2 pb-2\">Im Dienste seiner Patienten als Allgemeinchirurg mit mehr als 30 Jahren medizinischer Erfahrung ist Assoc. DR. Mehmet Emin G\u00fcne\u015f arbeitet weiterhin in den Bereichen Brust- und Schilddr\u00fcsenchirurgie, Onkologische Chirurgie, Adipositas- und Stoffwechselchirurgie, Chirurgie des Verdauungssystems, Leber- und Gallenwegschirurgie.<\/p>\n<p>[\/vc_column_text][vc_btn title=&#8221;Gehen Sie zu Nachrichten&#8221; align=&#8221;center&#8221; link=&#8221;url:https%3A%2F%2Fwww.mynet.com%2Fdoc-dr-mehmet-emin-gunes-kimdir-kac-yasinda-ve-nereli-iste-hayat-hikayesi-110106791776&#8243;][\/vc_column][vc_column width=&#8221;1\/6&#8243; el_class=&#8221;ml&#8221;][vc_single_image image=&#8221;875&#8243; img_size=&#8221;960&#215;540&#8243; alignment=&#8221;center&#8221;][vc_custom_heading text=&#8221;Covid-19-Impfstoff f\u00fcr Menschen, die sich einer Operation unterziehen&#8221; font_container=&#8221;tag:h2|text_align:center&#8221; google_fonts=&#8221;font_family:Raleway%3A100%2C200%2C300%2Cregular%2C500%2C600%2C700%2C800%2C900|font_style:700%20bold%20regular%3A700%3Anormal&#8221;][vc_separator][vc_column_text]<\/p>\n<p class=\"spot-title\">Facharzt f\u00fcr Allgemeine Chirurgie-Onkologische Chirurgie Assoc. DR. Mehmet Emin G\u00fcne\u015f sagte, dass die Unterdr\u00fcckung oder Sch\u00e4digung des Immunsystems schwere Krankheiten verursacht und sagte: \u201eJeder chirurgische Eingriff ist ein Eingriff, der eine Unterdr\u00fcckung des Immunsystems verursacht.\u201c<\/p>\n<p>[\/vc_column_text][vc_btn title=&#8221;Gehen Sie zu Nachrichten&#8221; align=&#8221;center&#8221; link=&#8221;url:https%3A%2F%2Fwww.haberturk.com%2Fson-dakika-ameliyat-surecinde-veya-sonrasinda-viruse-yakalanmak-felaket-olur-o-grup-asilanirsa-haberler-3052619&#8243;][\/vc_column][vc_column width=&#8221;1\/6&#8243; el_class=&#8221;ml&#8221;][vc_single_image image=&#8221;877&#8243; img_size=&#8221;960&#215;540&#8243; alignment=&#8221;center&#8221;][vc_custom_heading text=&#8221;Finden Sie Krebs, bevor er Sie findet&#8221; font_container=&#8221;tag:h2|text_align:center&#8221; google_fonts=&#8221;font_family:Raleway%3A100%2C200%2C300%2Cregular%2C500%2C600%2C700%2C800%2C900|font_style:700%20bold%20regular%3A700%3Anormal&#8221;][vc_separator][vc_column_text]Unter Hinweis darauf, dass Krebs zu 90-95 % durch Diagnose und vorbeugende Ma\u00dfnahmen vermeidbar ist, Assist. Assoz. DR. Mehmet Emin G\u00fcne\u015f wies darauf hin, dass wichtige Krebsarten durch viele Ver\u00e4nderungen im Lebensstil und in den Essgewohnheiten verhindert werden k\u00f6nnen.[\/vc_column_text][vc_btn title=&#8221;Gehen Sie zu Nachrichten&#8221; align=&#8221;center&#8221; link=&#8221;url:https%3A%2F%2Fwww.star.com.tr%2Fsaglik%2Fkanser-sizi-bulmadan-siz-onu-bulun-haber-1086783%2F&#8221;][\/vc_column][vc_column width=&#8221;1\/6&#8243; el_class=&#8221;ml&#8221;][vc_single_image image=&#8221;876&#8243; img_size=&#8221;960&#215;540&#8243; alignment=&#8221;center&#8221;][vc_custom_heading text=&#8221;Chirurg und Schriftsteller Mehmet Emin G\u00fcne\u015f&#8221; font_container=&#8221;tag:h2|text_align:center&#8221; google_fonts=&#8221;font_family:Raleway%3A100%2C200%2C300%2Cregular%2C500%2C600%2C700%2C800%2C900|font_style:700%20bold%20regular%3A700%3Anormal&#8221;][vc_separator][vc_column_text]Allgemeinchirurg und Autor Assoc. DR. Mehmet Emin G\u00fcne\u015f sagte, dass er Operationen als Chirurg durchf\u00fchrte, aber erkannte, dass eine vollst\u00e4ndige Genesung nicht m\u00f6glich war, ohne die Seele des Patienten zu ber\u00fchren. G\u00fcne\u015f m\u00f6chte mit ihren Werken die Seelen der Menschen ber\u00fchren.[\/vc_column_text][vc_btn title=&#8221;Gehen Sie zu Nachrichten&#8221; align=&#8221;center&#8221; link=&#8221;url:https%3A%2F%2Fwww.habervakti.com%2Fkultur-sanat%2Fcerrah-ve-yazar-mehmet-emin-gunes-kaleme-aldigi-eserleriyle-insanlarin-h142309.html&#8221;][\/vc_column][vc_column width=&#8221;1\/6&#8243;][\/vc_column][\/vc_row][vc_row][vc_column width=&#8221;1\/6&#8243;][\/vc_column][vc_column width=&#8221;1\/6&#8243;][vc_single_image image=&#8221;652&#8243; img_size=&#8221;960&#215;540&#8243; alignment=&#8221;center&#8221;][vc_custom_heading text=&#8221;Tags\u00fcber Chirurg, nachts Schriftsteller&#8221; font_container=&#8221;tag:h2|text_align:center&#8221; google_fonts=&#8221;font_family:Raleway%3A100%2C200%2C300%2Cregular%2C500%2C600%2C700%2C800%2C900|font_style:700%20bold%20regular%3A700%3Anormal&#8221;][vc_separator][vc_column_text]DR. Mehmet Emin G\u00fcne\u015f ist seit 30 Jahren Chirurg. Aber er hat eine Eigenschaft, die ihn von seinen Kollegen unterscheidet: Dr. G\u00fcne\u015f ist tags\u00fcber Chirurg und nachts Schriftsteller.[\/vc_column_text][vc_btn title=&#8221;Gehen Sie zu Nachrichten&#8221; align=&#8221;center&#8221; link=&#8221;url:https%3A%2F%2Fwww.sabah.com.tr%2Fkitap%2F2013%2F05%2F18%2Fgunduz-cerrah-gece-yazar&#8221;][\/vc_column][vc_column width=&#8221;1\/6&#8243; el_class=&#8221;ml&#8221;][vc_single_image image=&#8221;650&#8243; img_size=&#8221;960&#215;540&#8243; alignment=&#8221;center&#8221;][vc_custom_heading text=&#8221;Das Trinken von hei\u00dfem Tee verursacht Kehlkopfkrebs&#8221; font_container=&#8221;tag:h2|text_align:center&#8221; google_fonts=&#8221;font_family:Raleway%3A100%2C200%2C300%2Cregular%2C500%2C600%2C700%2C800%2C900|font_style:700%20bold%20regular%3A700%3Anormal&#8221;][vc_separator][vc_column_text]Mit der Feststellung, dass extrem hei\u00dfe Getr\u00e4nke Kehlkopfkrebs verursachen, sagte der Leiter der Klinik f\u00fcr allgemeine Chirurgie des Samatya State Hospital, Opr. DR. Mehmet Emin G\u00fcne\u015f erkl\u00e4rte, dass sich die Patienten in den letzten Jahren allm\u00e4hlich \u00fcbergeben h\u00e4tten.[\/vc_column_text][vc_btn title=&#8221;Gehen Sie zu Nachrichten&#8221; align=&#8221;center&#8221; link=&#8221;url:https%3A%2F%2Fwww.canlihaber.com%2Fhaber%2F5271762%2Fsicak-cay-icmek-girtlak-kanseri-sebebi&#8221;][\/vc_column][vc_column width=&#8221;1\/6&#8243; el_class=&#8221;ml&#8221;][vc_single_image image=&#8221;639&#8243; img_size=&#8221;960&#215;540&#8243; alignment=&#8221;center&#8221;][vc_custom_heading text=&#8221;SMS-Anwendung im BEAH-Notdienst&#8221; font_container=&#8221;tag:h2|text_align:center&#8221; google_fonts=&#8221;font_family:Raleway%3A100%2C200%2C300%2Cregular%2C500%2C600%2C700%2C800%2C900|font_style:700%20bold%20regular%3A700%3Anormal&#8221;][vc_separator][vc_column_text]Au\u00dferordentlicher Professor Mehmet Emin G\u00fcne\u015f sagte: \u201eUngef\u00e4hr 1.500 Patienten wenden sich t\u00e4glich an unsere Notaufnahme. Wie in allen Krankenh\u00e4usern war die Notaufnahme die Abteilung mit den meisten Beschwerden \u2026\u201c[\/vc_column_text][vc_btn title=&#8221;Gehen Sie zu Nachrichten&#8221; align=&#8221;center&#8221; link=&#8221;url:https%3A%2F%2Fwww.sondakika.com%2Fhaber%2Fhaber-bakirkoy-dr-sadi-konuk-egitim-ve-arastirma-9827910%2F&#8221;][\/vc_column][vc_column width=&#8221;1\/6&#8243; el_class=&#8221;ml&#8221;][vc_single_image image=&#8221;640&#8243; img_size=&#8221;960&#215;540&#8243; alignment=&#8221;center&#8221;][vc_custom_heading text=&#8221;Vitamin-D-Schild im Kampf gegen Krebs&#8221; font_container=&#8221;tag:h2|text_align:center&#8221; google_fonts=&#8221;font_family:Raleway%3A100%2C200%2C300%2Cregular%2C500%2C600%2C700%2C800%2C900|font_style:700%20bold%20regular%3A700%3Anormal&#8221;][vc_separator][vc_column_text]In Bezug auf die Auswirkungen von Vitamin D auf die Vorbeugung von Brustkrebs sagte G\u00fcne\u015f, dass mehr als 90 Prozent des Vitamin D im K\u00f6rper durch sehr einfaches Sonnenbaden und die Strahlen, die wir von der Sonne erhalten, entfernt werden k\u00f6nnen.[\/vc_column_text][vc_btn title=&#8221;Gehen Sie zu Nachrichten&#8221; align=&#8221;center&#8221; link=&#8221;url:https%3A%2F%2Fwww.milliyet.com.tr%2Fyerel-haberler%2Fistanbul%2Fkanserle-savasta-d-vitamini-kalkani-10730922&#8243;][\/vc_column][vc_column width=&#8221;1\/6&#8243;][\/vc_column][\/vc_row][vc_row][vc_column width=&#8221;1\/6&#8243;][\/vc_column][vc_column width=&#8221;1\/6&#8243;][vc_single_image image=&#8221;637&#8243; img_size=&#8221;960&#215;540&#8243; alignment=&#8221;center&#8221;][vc_custom_heading text=&#8221;DR. M. Emin G\u00fcne\u015f: Chirurgischer Autor&#8221; font_container=&#8221;tag:h2|text_align:center&#8221; google_fonts=&#8221;font_family:Raleway%3A100%2C200%2C300%2Cregular%2C500%2C600%2C700%2C800%2C900|font_style:700%20bold%20regular%3A700%3Anormal&#8221;][vc_separator][vc_column_text]Facharzt f\u00fcr Allgemeine Chirurgie und Brustchirurgie Assoc. DR. \u201eSchreiben entspannt mich\u201c, sagt Mehmet Emin G\u00fcne\u015f.[\/vc_column_text][vc_btn title=&#8221;Gehen Sie zu Nachrichten&#8221; align=&#8221;center&#8221; link=&#8221;url:https%3A%2F%2Fwww.turkiyegazetesi.com.tr%2Fsaglik%2F493107.aspx&#8221;][\/vc_column][vc_column width=&#8221;1\/6&#8243; el_class=&#8221;ml&#8221;][vc_single_image image=&#8221;828&#8243; img_size=&#8221;960&#215;540&#8243; alignment=&#8221;center&#8221;][vc_custom_heading text=&#8221;Kam mit Sommerzahlung&#8221; font_container=&#8221;tag:h2|text_align:center&#8221; google_fonts=&#8221;font_family:Raleway%3A100%2C200%2C300%2Cregular%2C500%2C600%2C700%2C800%2C900|font_style:700%20bold%20regular%3A700%3Anormal&#8221;][vc_separator][vc_column_text]Facharzt f\u00fcr Allgemeinchirurgie Assoc. DR. Kuss. DR. Mehmet Emin G\u00fcne\u015f sagt, dass \u201eerh\u00f6hter Fl\u00fcssigkeitsbedarf durch Hitze und \u00fcberm\u00e4\u00dfiges Schwitzen Schwellungen an H\u00e4nden und F\u00fc\u00dfen ausl\u00f6sen\u201c und f\u00e4hrt fort.[\/vc_column_text][vc_btn title=&#8221;Gehen Sie zu Nachrichten&#8221; align=&#8221;center&#8221; link=&#8221;url:https%3A%2F%2Fwww.yenisafak.com%2Fhayat%2Fyaz-odemiyle-geldi-2216492%3Ffbclid%3DIwAR1kfcgdLxdTOZ0t4WXe8FvdxsYYuNC6IbUKPp9KjWbEJTqAI7qscl729Sk&#8221;][\/vc_column][vc_column width=&#8221;1\/6&#8243; el_class=&#8221;ml&#8221;][vc_single_image image=&#8221;646&#8243; img_size=&#8221;960&#215;540&#8243; alignment=&#8221;center&#8221;][vc_custom_heading text=&#8221;Tags\u00fcber Arzt, nachts Schriftsteller&#8221; font_container=&#8221;tag:h2|text_align:center&#8221; google_fonts=&#8221;font_family:Raleway%3A100%2C200%2C300%2Cregular%2C500%2C600%2C700%2C800%2C900|font_style:700%20bold%20regular%3A700%3Anormal&#8221;][vc_separator][vc_column_text]H\u00e4nde, die tags\u00fcber ein Skalpell und abends einen Stift halten, erz\u00e4hlen diesmal vom Leben eines drogenabh\u00e4ngigen Stra\u00dfenkindes. Assoz. DR. Das neue Werk von Mehmet Emin G\u00fcne\u015f&#8230;[\/vc_column_text][vc_btn title=&#8221;Gehen Sie zu Nachrichten&#8221; align=&#8221;center&#8221; link=&#8221;url:https%3A%2F%2Fwww.aksam.com.tr%2Fcumartesi%2Fgunduz-cerrah-gece-yazar%2Fhaber-352309&#8243;][\/vc_column][vc_column width=&#8221;1\/6&#8243; el_class=&#8221;ml&#8221;][vc_single_image image=&#8221;638&#8243; img_size=&#8221;960&#215;540&#8243; alignment=&#8221;center&#8221;][vc_custom_heading text=&#8221;Effizienz der Organtransplantation durch medizinisches Personal&#8221; font_container=&#8221;tag:h2|text_align:center&#8221; google_fonts=&#8221;font_family:Raleway%3A100%2C200%2C300%2Cregular%2C500%2C600%2C700%2C800%2C900|font_style:700%20bold%20regular%3A700%3Anormal&#8221;][vc_separator][vc_column_text]Bak\u0131rk\u00f6y EAH Chefarzt Assoc. DR. Mehmet Emin G\u00fcne\u015f sagte zum Zweck seines Konzerts: &#8220;Aufgrund der zunehmenden chronischen Krankheiten auf der Welt nimmt das Organversagen von Tag zu Tag zu.&#8221;[\/vc_column_text][vc_btn title=&#8221;Gehen Sie zu Nachrichten&#8221; align=&#8221;center&#8221; link=&#8221;url:http%3A%2F%2Fwww.aydin24haber.com%2Fsaglik-calisanlari-organ-nakli-icin-hem-caldi-hem-soyledi-417451h.htm&#8221;][\/vc_column][vc_column width=&#8221;1\/6&#8243;][\/vc_column][\/vc_row][vc_row][vc_column width=&#8221;1\/6&#8243;][\/vc_column][vc_column width=&#8221;1\/6&#8243;][vc_single_image image=&#8221;649&#8243; img_size=&#8221;960&#215;540&#8243; alignment=&#8221;center&#8221;][vc_custom_heading text=&#8221;Istanbuls zweitgr\u00f6\u00dftes Palliativzentrum er\u00f6ffnet&#8221; font_container=&#8221;tag:h2|text_align:center&#8221; google_fonts=&#8221;font_family:Raleway%3A100%2C200%2C300%2Cregular%2C500%2C600%2C700%2C800%2C900|font_style:700%20bold%20regular%3A700%3Anormal&#8221;][vc_separator][vc_column_text]Das zweitgr\u00f6\u00dfte Palliativzentrum in Istanbul wurde in das Staatskrankenhaus Esenyurt Necmi Kad\u0131o\u011flu integriert.[\/vc_column_text][vc_btn title=&#8221;Gehen Sie zu Nachrichten&#8221; align=&#8221;center&#8221; link=&#8221;url:https%3A%2F%2Fwww.aa.com.tr%2Ftr%2Fsaglik%2Fistanbulun-en-buyuk-ikinci-palyatif-bakim-merkezi-acildi-%2F1449057&#8243;][\/vc_column][vc_column width=&#8221;1\/6&#8243; el_class=&#8221;ml&#8221;][vc_single_image image=&#8221;645&#8243; img_size=&#8221;960&#215;540&#8243; alignment=&#8221;center&#8221;][vc_custom_heading text=&#8221;Er h\u00e4lt tags\u00fcber ein Skalpell und abends einen Stift&#8221; font_container=&#8221;tag:h2|text_align:center&#8221; google_fonts=&#8221;font_family:Raleway%3A100%2C200%2C300%2Cregular%2C500%2C600%2C700%2C800%2C900|font_style:700%20bold%20regular%3A700%3Anormal&#8221;][vc_separator][vc_column_text]Mehmet Emin G\u00fcne\u015f h\u00e4lt tags\u00fcber ein Skalpell und abends einen Stift. G\u00fcne\u015f, der Chefarzt des Krankenhauses, hat 4 Romane. G\u00fcne\u015f sagte, dass bald ein Film eines von ihm geschriebenen Buches gedreht werde: &#8220;Ich sage mir, dass ich tags\u00fcber den K\u00f6rper anspreche und nachts die Seele.&#8221; genannt.[\/vc_column_text][vc_btn title=&#8221;Gehen Sie zu Nachrichten&#8221; align=&#8221;center&#8221; link=&#8221;url:https%3A%2F%2Fwww.haberler.com%2Fgunduz-nester-aksam-kalem-tutuyor-11194069-haberi%2F&#8221;][vc_separator][\/vc_column][vc_column width=&#8221;1\/6&#8243; el_class=&#8221;ml&#8221;][vc_single_image image=&#8221;654&#8243; img_size=&#8221;960&#215;540&#8243; alignment=&#8221;center&#8221;][vc_custom_heading text=&#8221;DR. Das neue Buch von Mehmet Emin G\u00fcne\u015f&#8221; font_container=&#8221;tag:h2|text_align:center&#8221; google_fonts=&#8221;font_family:Raleway%3A100%2C200%2C300%2Cregular%2C500%2C600%2C700%2C800%2C900|font_style:700%20bold%20regular%3A700%3Anormal&#8221;][vc_separator][vc_column_text]Prof. Dr. Mehmet Emin G\u00fcne\u015f\u2019in 3\u2019\u00fcnc\u00fc kitab\u0131 \u201c\u0130nsan Kokusu\u201d \u00e7\u0131kt\u0131. Genel Cerrahi ve Meme Cerrahisi Uzman\u0131 Prof. Dr. Mehmet Emin G\u00fcne\u015f\u2019in \u201c\u0130nsan Kokusu\u201d adl\u0131 3\u2019\u00fcnc\u00fc roman\u0131, 18 Ekim itibariyle kitap\u00e7\u0131lardaki yerini ald\u0131.[\/vc_column_text][vc_btn title=&#8221;Gehen Sie zu Nachrichten&#8221; align=&#8221;center&#8221; link=&#8221;url:https%3A%2F%2Fwww.milliyet.com.tr%2Fyerel-haberler%2Fistanbul%2Fprof-dr-mehmet-emin-gunes-in-yeni-kitabi-cikti-10440658&#8243;][\/vc_column][vc_column width=&#8221;1\/6&#8243; el_class=&#8221;ml&#8221;][vc_single_image image=&#8221;636&#8243; img_size=&#8221;960&#215;540&#8243; alignment=&#8221;center&#8221;][vc_custom_heading text=&#8221;Taubheit! Gesetz! Bleib am Leben! Kampagne gestartet&#8221; font_container=&#8221;tag:h2|text_align:center&#8221; google_fonts=&#8221;font_family:Raleway%3A100%2C200%2C300%2Cregular%2C500%2C600%2C700%2C800%2C900|font_style:700%20bold%20regular%3A700%3Anormal&#8221;][vc_separator][vc_column_text]Bekannt f\u00fcr seine Romane sowie Chirurgie, General Surgery Specialist Assoc. DR. Mehmet Emin G\u00fcne\u015f hat in seinem neuesten Roman \u201eDer Geruch des Menschen\u201c die Trag\u00f6die der Stra\u00dfenkinder beschrieben.[\/vc_column_text][vc_btn title=&#8221;Gehen Sie zu Nachrichten&#8221; align=&#8221;center&#8221; link=&#8221;url:https%3A%2F%2Fwww.netgazete.com%2Fsanat%2Fuyusma-yasa-yasat-kampanyasi-insan-kokusu-ile-basladi-669276&#8243;][\/vc_column][vc_column width=&#8221;1\/6&#8243;][\/vc_column][\/vc_row][vc_row][vc_column width=&#8221;1\/6&#8243;][\/vc_column][vc_column width=&#8221;1\/6&#8243;][vc_single_image image=&#8221;852&#8243; img_size=&#8221;960&#215;540&#8243; alignment=&#8221;center&#8221;][vc_custom_heading text=&#8221;Der Arzt, der Istanbul vergibt!&#8221; font_container=&#8221;tag:h2|text_align:center&#8221; google_fonts=&#8221;font_family:Raleway%3A100%2C200%2C300%2Cregular%2C500%2C600%2C700%2C800%2C900|font_style:700%20bold%20regular%3A700%3Anormal&#8221;][vc_separator][vc_column_text]<\/p>\n<p class=\"detail-description m-b\" data-flex-order=\"1\">Die Kombination von Medizin und Schreiben in einem Topf, Op. DR. Mehmet Emin G\u00fcne\u015f stellte den Lesern sein zweites Buch \u201eIstanbul, I Forgive You\u201c vor.<\/p>\n<p>[\/vc_column_text][vc_btn title=&#8221;Gehen Sie zu Nachrichten&#8221; align=&#8221;center&#8221; link=&#8221;url:https%3A%2F%2Fwww.cnnturk.com%2F2013%2Fkultur.sanat%2Fkitap%2F04%2F21%2Fistanbulu.affeden.doktor%2F705082.0%2Findex.html%3Ffbclid%3DIwAR1tT&#8211;xV9mT_dHXHok6O8YOw855a3zVaYJ1gUKZl8NmW-pCwWZmwtJRRaA&#8221;][\/vc_column][vc_column width=&#8221;1\/6&#8243; el_class=&#8221;ml&#8221;][vc_single_image image=&#8221;855&#8243; img_size=&#8221;960&#215;540&#8243; alignment=&#8221;center&#8221;][vc_custom_heading text=&#8221;Menschlicher Geruch vom Chirurgen&#8221; font_container=&#8221;tag:h2|text_align:center&#8221; google_fonts=&#8221;font_family:Raleway%3A100%2C200%2C300%2Cregular%2C500%2C600%2C700%2C800%2C900|font_style:700%20bold%20regular%3A700%3Anormal&#8221;][vc_separator][vc_column_text]<\/p>\n<p class=\"spot\">Nachdem er 25 Jahre lang Chirurg bei Tag und Schriftsteller bei Nacht war, hat Prof. DR. Mehmet Emin G\u00fcne\u015f konzentriert sich in seinem dritten Roman The Smell of Man auf das Leben eines drogenabh\u00e4ngigen Stra\u00dfenkindes, das sich mit einem Anwalt \u00fcberschneidet.<\/p>\n<p>[\/vc_column_text][vc_btn title=&#8221;Gehen Sie zu Nachrichten&#8221; align=&#8221;center&#8221; link=&#8221;url:https%3A%2F%2Fwww.yenisafak.com%2Fhayat%2Fcerrahtan-insan-kokusu-2025941%3Ffbclid%3DIwAR22_faYnMVNKriMLsWvtOfrlrGcf8rwiFlcw7LxV9HR-Cn8a0KNH8k-fFU&#8221;][vc_separator][\/vc_column][vc_column width=&#8221;1\/6&#8243; el_class=&#8221;ml&#8221;][vc_single_image image=&#8221;854&#8243; img_size=&#8221;960&#215;540&#8243; alignment=&#8221;center&#8221;][vc_custom_heading text=&#8221;Woher kennst du Istanbul?&#8221; font_container=&#8221;tag:h2|text_align:center&#8221; google_fonts=&#8221;font_family:Raleway%3A100%2C200%2C300%2Cregular%2C500%2C600%2C700%2C800%2C900|font_style:700%20bold%20regular%3A700%3Anormal&#8221;][vc_separator][vc_column_text]<\/p>\n<p class=\"detail-description m-b\" data-flex-order=\"1\">Wie sieht ein Schriftsteller, der auch Chirurg ist, Istanbul? Der Autor ber\u00fchrt den Schmerz und die Liebe in Istanbul mit seinem Skalpell und sagt: &#8220;Es gibt kein Istanbul ohne Liebe, es gibt keine Liebe ohne Istanbul, und ich vergebe Istanbul trotz all des erlittenen Schmerzes &#8230;&#8221;<\/p>\n<p>[\/vc_column_text][vc_btn title=&#8221;Gehen Sie zu Nachrichten&#8221; align=&#8221;center&#8221; link=&#8221;url:https%3A%2F%2Fbeyazgazete.com%2Fhaber%2F2013%2F5%2F7%2Fistanbul-u-nasil-bilirsiniz-1786803.html%3Ffbclid%3DIwAR0tJS8bxwKqFS-3QpAWYl1TDw7UHEnimaccxD9qvmBkqK5PkxOxnjxkNbY&#8221;][\/vc_column][vc_column width=&#8221;1\/6&#8243; el_class=&#8221;ml&#8221;][vc_single_image image=&#8221;853&#8243; img_size=&#8221;960&#215;540&#8243; alignment=&#8221;center&#8221;][vc_custom_heading text=&#8221;Ein Skalpell traf das Herz von Istanbul!&#8221; font_container=&#8221;tag:h2|text_align:center&#8221; google_fonts=&#8221;font_family:Raleway%3A100%2C200%2C300%2Cregular%2C500%2C600%2C700%2C800%2C900|font_style:700%20bold%20regular%3A700%3Anormal&#8221;][vc_separator][vc_column_text]Nach seinem ersten Buch \u201e\u0130kra\u201c machte sein zweiter Roman \u201eI Forgive You, Istanbul\u201c gro\u00dfen Eindruck, General Surgeon Op.Dr. Wir haben mit Mehmet Emin G\u00fcne\u015f \u00fcber sein Abenteuer als Arzt und Schriftsteller gesprochen.[\/vc_column_text][vc_btn title=&#8221;Gehen Sie zu Nachrichten&#8221; align=&#8221;center&#8221; link=&#8221;url:https%3A%2F%2Fwww.cnnturk.com%2F2013%2Fkultur.sanat%2Fkitap%2F05%2F13%2Fistanbulun.kalbine.nester.vurdu%2F707768.0%2Findex.html%3Ffbclid%3DIwAR3TBQvWrXMf9zcMzJhFrWh5aS1fJX31UvB-01PoZvDYKClsCUq3m9ZJnyM&#8221;][\/vc_column][vc_column width=&#8221;1\/6&#8243;][\/vc_column][\/vc_row]<\/p>\n","protected":false},"excerpt":{"rendered":"<p>[vc_row][vc_column width=&#8221;1\/6&#8243;][\/vc_column][vc_column width=&#8221;1\/6&#8243;][vc_single_image image=&#8221;848&#8243; img_size=&#8221;960&#215;540&#8243; alignment=&#8221;center&#8221;][vc_custom_heading text=&#8221;Pandemie, Medizin und Schreiben&#8221; font_container=&#8221;tag:h2|text_align:center&#8221; google_fonts=&#8221;font_family:Raleway%3A100%2C200%2C300%2Cregular%2C500%2C600%2C700%2C800%2C900|font_style:700%20bold%20regular%3A700%3Anormal&#8221;][vc_separator][vc_column_text] Der Facharzt f\u00fcr Allgemeinchirurgie Mehmet Emin G\u00fcne\u015f sprach \u00fcber sein viertes Buch \u201eL\u00f6wenzahn\u201c. G\u00fcne\u015f sagte, der Slogan des Buches, das er w\u00e4hrend des schwierigen Pandemieprozesses geschrieben habe, sei \u201eWenn du das Licht tr\u00e4gst, musst du in die Dunkelheit eintreten\u201c. [\/vc_column_text][vc_btn title=&#8221;Gehen Sie zu [&hellip;]<\/p>\n","protected":false},"author":1,"featured_media":0,"parent":0,"menu_order":0,"comment_status":"closed","ping_status":"closed","template":"","meta":{"footnotes":""},"class_list":["post-19","page","type-page","status-publish","hentry"],"_links":{"self":[{"href":"https:\/\/mehmetemingunes.com\/de\/wp-json\/wp\/v2\/pages\/19","targetHints":{"allow":["GET"]}}],"collection":[{"href":"https:\/\/mehmetemingunes.com\/de\/wp-json\/wp\/v2\/pages"}],"about":[{"href":"https:\/\/mehmetemingunes.com\/de\/wp-json\/wp\/v2\/types\/page"}],"author":[{"embeddable":true,"href":"https:\/\/mehmetemingunes.com\/de\/wp-json\/wp\/v2\/users\/1"}],"replies":[{"embeddable":true,"href":"https:\/\/mehmetemingunes.com\/de\/wp-json\/wp\/v2\/comments?post=19"}],"version-history":[{"count":2,"href":"https:\/\/mehmetemingunes.com\/de\/wp-json\/wp\/v2\/pages\/19\/revisions"}],"predecessor-version":[{"id":927,"href":"https:\/\/mehmetemingunes.com\/de\/wp-json\/wp\/v2\/pages\/19\/revisions\/927"}],"wp:attachment":[{"href":"https:\/\/mehmetemingunes.com\/de\/wp-json\/wp\/v2\/media?parent=19"}],"curies":[{"name":"wp","href":"https:\/\/api.w.org\/{rel}","templated":true}]}}