{"id":21,"date":"2017-03-04T14:32:35","date_gmt":"2017-03-04T14:32:35","guid":{"rendered":"http:\/\/themewisdom.com\/demo\/wpm\/doctor\/?page_id=21"},"modified":"2023-03-21T09:46:46","modified_gmt":"2023-03-21T09:46:46","slug":"videos","status":"publish","type":"page","link":"https:\/\/mehmetemingunes.com\/de\/videos\/","title":{"rendered":"Videos"},"content":{"rendered":"<p>[vc_row][vc_column width=&#8221;1\/6&#8243;][\/vc_column][vc_column width=&#8221;1\/6&#8243;][vc_video link=&#8221;https:\/\/www.youtube.com\/watch?v=8WnuNw5G0s8&#8243;][vc_custom_heading text=&#8221;Sa\u011fl\u0131k Raporu | 06.06.2021&#8243; font_container=&#8221;tag:h2|text_align:center&#8221; google_fonts=&#8221;font_family:Raleway%3A100%2C200%2C300%2Cregular%2C500%2C600%2C700%2C800%2C900|font_style:700%20bold%20regular%3A700%3Anormal&#8221;][\/vc_column][vc_column width=&#8221;1\/6&#8243; el_class=&#8221;ml&#8221;][vc_video link=&#8221;https:\/\/youtu.be\/Gxwix6cTIeA?t=152&#8243;][vc_custom_heading text=&#8221;Tiroid ve Karaci\u011fer, CNNTurk | 14.07.2018&#8243; font_container=&#8221;tag:h2|text_align:center&#8221; google_fonts=&#8221;font_family:Raleway%3A100%2C200%2C300%2Cregular%2C500%2C600%2C700%2C800%2C900|font_style:700%20bold%20regular%3A700%3Anormal&#8221;][\/vc_column][vc_column width=&#8221;1\/6&#8243; el_class=&#8221;ml&#8221;][vc_video link=&#8221;https:\/\/www.youtube.com\/watch?v=-OSgRlINmAA&#8221;][vc_custom_heading text=&#8221;Sa\u011fl\u0131kl\u0131 G\u00fcnler | 07.05.2021&#8243; font_container=&#8221;tag:h2|text_align:center&#8221; google_fonts=&#8221;font_family:Raleway%3A100%2C200%2C300%2Cregular%2C500%2C600%2C700%2C800%2C900|font_style:700%20bold%20regular%3A700%3Anormal&#8221;][\/vc_column][vc_column width=&#8221;1\/6&#8243; el_class=&#8221;ml&#8221;][vc_video link=&#8221;https:\/\/youtu.be\/A9il6SMmc9E?t=161&#8243;][vc_custom_heading text=&#8221;Sabah Sabah | 27.04.2021&#8243; font_container=&#8221;tag:h2|text_align:center&#8221; google_fonts=&#8221;font_family:Raleway%3A100%2C200%2C300%2Cregular%2C500%2C600%2C700%2C800%2C900|font_style:700%20bold%20regular%3A700%3Anormal&#8221;][\/vc_column][vc_column width=&#8221;1\/6&#8243;][\/vc_column][\/vc_row][vc_row][vc_column width=&#8221;1\/6&#8243;][\/vc_column][vc_column width=&#8221;1\/6&#8243;][vc_video link=&#8221;https:\/\/www.youtube.com\/watch?v=krBCeTEPvNs&#8221;][vc_custom_heading text=&#8221;Sa\u011fl\u0131k Kontrol\u00fc | 27.10.2018&#8243; font_container=&#8221;tag:h2|text_align:center&#8221; google_fonts=&#8221;font_family:Raleway%3A100%2C200%2C300%2Cregular%2C500%2C600%2C700%2C800%2C900|font_style:700%20bold%20regular%3A700%3Anormal&#8221;][\/vc_column][vc_column width=&#8221;1\/6&#8243; el_class=&#8221;ml&#8221;][vc_video link=&#8221;https:\/\/www.youtube.com\/watch?v=cT4FpZP9DVE&#8221;][vc_custom_heading text=&#8221;T\u0131pta Sim\u00fclasyon | 08.07.2019&#8243; font_container=&#8221;tag:h2|text_align:center&#8221; google_fonts=&#8221;font_family:Raleway%3A100%2C200%2C300%2Cregular%2C500%2C600%2C700%2C800%2C900|font_style:700%20bold%20regular%3A700%3Anormal&#8221;][\/vc_column][vc_column width=&#8221;1\/6&#8243; el_class=&#8221;ml&#8221;][vc_video link=&#8221;https:\/\/youtu.be\/tU3TGt61zvs&#8221;][vc_custom_heading text=&#8221;Sabah Sabah | 16.02.2021&#8243; font_container=&#8221;tag:h2|text_align:center&#8221; google_fonts=&#8221;font_family:Raleway%3A100%2C200%2C300%2Cregular%2C500%2C600%2C700%2C800%2C900|font_style:700%20bold%20regular%3A700%3Anormal&#8221;][\/vc_column][vc_column width=&#8221;1\/6&#8243; el_class=&#8221;ml&#8221;][vc_video link=&#8221;https:\/\/www.youtube.com\/watch?v=SlrqcYhzkjg&#8221;][vc_custom_heading text=&#8221;S\u0131cak Nokta, Robotik Cerrahi | 31.08.2018&#8243; font_container=&#8221;tag:h2|text_align:center&#8221; google_fonts=&#8221;font_family:Raleway%3A100%2C200%2C300%2Cregular%2C500%2C600%2C700%2C800%2C900|font_style:700%20bold%20regular%3A700%3Anormal&#8221;][\/vc_column][vc_column width=&#8221;1\/6&#8243;][\/vc_column][\/vc_row][vc_row][vc_column width=&#8221;1\/6&#8243;][\/vc_column][vc_column width=&#8221;1\/6&#8243;][vc_video link=&#8221;https:\/\/www.youtube.com\/watch?v=RwPeeW7zW0o&#8221;][vc_custom_heading text=&#8221;Sa\u011fl\u0131k Raporu | 29.07.2017&#8243; font_container=&#8221;tag:h2|text_align:center&#8221; google_fonts=&#8221;font_family:Raleway%3A100%2C200%2C300%2Cregular%2C500%2C600%2C700%2C800%2C900|font_style:700%20bold%20regular%3A700%3Anormal&#8221;][\/vc_column][vc_column width=&#8221;1\/6&#8243; el_class=&#8221;ml&#8221;][vc_video link=&#8221;https:\/\/youtu.be\/MpK0d9K8A0M?t=94&#8243;][vc_custom_heading text=&#8221;Kitlesel A\u015f\u0131lama | 14.01.2021&#8243; font_container=&#8221;tag:h2|text_align:center&#8221; google_fonts=&#8221;font_family:Raleway%3A100%2C200%2C300%2Cregular%2C500%2C600%2C700%2C800%2C900|font_style:700%20bold%20regular%3A700%3Anormal&#8221;][\/vc_column][vc_column width=&#8221;1\/6&#8243; el_class=&#8221;ml&#8221;][vc_video link=&#8221;https:\/\/youtu.be\/6Nynnw2d5X0?t=1759&#8243;][vc_custom_heading text=&#8221;Sa\u011fl\u0131k Raporu | 21.11.2020&#8243; font_container=&#8221;tag:h2|text_align:center&#8221; google_fonts=&#8221;font_family:Raleway%3A100%2C200%2C300%2Cregular%2C500%2C600%2C700%2C800%2C900|font_style:700%20bold%20regular%3A700%3Anormal&#8221;][\/vc_column][vc_column width=&#8221;1\/6&#8243; el_class=&#8221;ml&#8221;][vc_video link=&#8221;https:\/\/youtu.be\/r0hOO9ylv2c&#8221;][vc_custom_heading text=&#8221;Haberler, A\u00e7\u0131klama | 26.08.2017&#8243; font_container=&#8221;tag:h2|text_align:center&#8221; google_fonts=&#8221;font_family:Raleway%3A100%2C200%2C300%2Cregular%2C500%2C600%2C700%2C800%2C900|font_style:700%20bold%20regular%3A700%3Anormal&#8221;][\/vc_column][vc_column width=&#8221;1\/6&#8243;][\/vc_column][\/vc_row][vc_row][vc_column][vc_separator][\/vc_column][\/vc_row][vc_row][vc_column width=&#8221;1\/6&#8243;][\/vc_column][vc_column width=&#8221;1\/6&#8243;][vc_video link=&#8221;https:\/\/www.youtube.com\/watch?v=W0GARc3KpDM&#8221;][vc_custom_heading text=&#8221;Sa\u011fl\u0131k Raporu, Organlar\u0131n \u0130\u015flevi | 24.12.2015&#8243; font_container=&#8221;tag:h2|text_align:center&#8221; google_fonts=&#8221;font_family:Raleway%3A100%2C200%2C300%2Cregular%2C500%2C600%2C700%2C800%2C900|font_style:700%20bold%20regular%3A700%3Anormal&#8221;][\/vc_column][vc_column width=&#8221;1\/6&#8243; el_class=&#8221;ml&#8221;][vc_video link=&#8221;https:\/\/www.youtube.com\/watch?v=PYmclUm8LK4&#8243;][vc_custom_heading text=&#8221;Hayat\u0131n Her Tonu, Meme Kanseri | 17.10.2014&#8243; font_container=&#8221;tag:h2|text_align:center&#8221; google_fonts=&#8221;font_family:Raleway%3A100%2C200%2C300%2Cregular%2C500%2C600%2C700%2C800%2C900|font_style:700%20bold%20regular%3A700%3Anormal&#8221;][\/vc_column][vc_column width=&#8221;1\/6&#8243; el_class=&#8221;ml&#8221;][vc_video link=&#8221;https:\/\/www.youtube.com\/watch?v=nAwvgFVltyE&#8221;][vc_custom_heading text=&#8221;Sa\u011fl\u0131k Raporu | 19.03.2015&#8243; font_container=&#8221;tag:h2|text_align:center&#8221; google_fonts=&#8221;font_family:Raleway%3A100%2C200%2C300%2Cregular%2C500%2C600%2C700%2C800%2C900|font_style:700%20bold%20regular%3A700%3Anormal&#8221;][\/vc_column][vc_column width=&#8221;1\/6&#8243; el_class=&#8221;ml&#8221;][vc_video link=&#8221;https:\/\/www.youtube.com\/watch?v=YwbPgzPJQ7o&#8221;][vc_custom_heading text=&#8221;Hayat\u0131n \u0130\u00e7inden, \u0130yot Ger\u00e7e\u011fi | 15.09.2015&#8243; font_container=&#8221;tag:h2|text_align:center&#8221; google_fonts=&#8221;font_family:Raleway%3A100%2C200%2C300%2Cregular%2C500%2C600%2C700%2C800%2C900|font_style:700%20bold%20regular%3A700%3Anormal&#8221;][\/vc_column][vc_column width=&#8221;1\/6&#8243;][\/vc_column][\/vc_row][vc_row][vc_column width=&#8221;1\/6&#8243;][\/vc_column][vc_column width=&#8221;1\/6&#8243;][vc_video link=&#8221;https:\/\/www.youtube.com\/watch?v=Joj2WWZIEBI&#8221;][vc_custom_heading text=&#8221;Sa\u011fl\u0131k Raporu, Safra Kesesi | 16.09.2015&#8243; font_container=&#8221;tag:h2|text_align:center&#8221; google_fonts=&#8221;font_family:Raleway%3A100%2C200%2C300%2Cregular%2C500%2C600%2C700%2C800%2C900|font_style:700%20bold%20regular%3A700%3Anormal&#8221;][\/vc_column][vc_column width=&#8221;1\/6&#8243; el_class=&#8221;ml&#8221;][vc_video link=&#8221;https:\/\/www.youtube.com\/watch?v=eXSaS_Ab3A8&#8243;][vc_custom_heading text=&#8221;Hayat\u0131n Her Tonu, Kanser | 19.09.2014&#8243; font_container=&#8221;tag:h2|text_align:center&#8221; google_fonts=&#8221;font_family:Raleway%3A100%2C200%2C300%2Cregular%2C500%2C600%2C700%2C800%2C900|font_style:700%20bold%20regular%3A700%3Anormal&#8221;][\/vc_column][vc_column width=&#8221;1\/6&#8243; el_class=&#8221;ml&#8221;][vc_video link=&#8221;https:\/\/www.youtube.com\/watch?v=XYTzvKWvJpE&#8221;][vc_custom_heading text=&#8221;Sa\u011fl\u0131k Raporu | 29.09.2014&#8243; font_container=&#8221;tag:h2|text_align:center&#8221; google_fonts=&#8221;font_family:Raleway%3A100%2C200%2C300%2Cregular%2C500%2C600%2C700%2C800%2C900|font_style:700%20bold%20regular%3A700%3Anormal&#8221;][\/vc_column][vc_column width=&#8221;1\/6&#8243; el_class=&#8221;ml&#8221;][vc_video link=&#8221;https:\/\/www.youtube.com\/watch?v=KizlPyfseGY&#8221;][vc_custom_heading text=&#8221;Sa\u011fl\u0131k Raporu | 05.12.2014&#8243; font_container=&#8221;tag:h2|text_align:center&#8221; google_fonts=&#8221;font_family:Raleway%3A100%2C200%2C300%2Cregular%2C500%2C600%2C700%2C800%2C900|font_style:700%20bold%20regular%3A700%3Anormal&#8221;][\/vc_column][vc_column width=&#8221;1\/6&#8243;][\/vc_column][\/vc_row][vc_row][vc_column width=&#8221;1\/6&#8243;][\/vc_column][vc_column width=&#8221;1\/6&#8243;][vc_video link=&#8221;https:\/\/www.youtube.com\/watch?v=lb-VER5nBqg&#8221;][vc_custom_heading text=&#8221;Yak\u0131n Plan Sa\u011fl\u0131k | 12.03.2013&#8243; font_container=&#8221;tag:h2|text_align:center&#8221; google_fonts=&#8221;font_family:Raleway%3A100%2C200%2C300%2Cregular%2C500%2C600%2C700%2C800%2C900|font_style:700%20bold%20regular%3A700%3Anormal&#8221;][\/vc_column][vc_column width=&#8221;1\/6&#8243; el_class=&#8221;ml&#8221;][vc_video link=&#8221;https:\/\/www.youtube.com\/watch?v=mdkEsawlQrk&#8221;][vc_custom_heading text=&#8221;Sa\u011fl\u0131k Raporu | 11.12.2013&#8243; font_container=&#8221;tag:h2|text_align:center&#8221; google_fonts=&#8221;font_family:Raleway%3A100%2C200%2C300%2Cregular%2C500%2C600%2C700%2C800%2C900|font_style:700%20bold%20regular%3A700%3Anormal&#8221;][\/vc_column][vc_column width=&#8221;1\/6&#8243; el_class=&#8221;ml&#8221;][vc_video link=&#8221;https:\/\/www.youtube.com\/watch?v=0IXgJHUhBPk&#8221;][vc_custom_heading text=&#8221;Yazmak G\u00fczeldir | 12.10.2012&#8243; font_container=&#8221;tag:h2|text_align:center&#8221; google_fonts=&#8221;font_family:Raleway%3A100%2C200%2C300%2Cregular%2C500%2C600%2C700%2C800%2C900|font_style:700%20bold%20regular%3A700%3Anormal&#8221;][\/vc_column][vc_column width=&#8221;1\/6&#8243; el_class=&#8221;ml&#8221;][vc_video link=&#8221;https:\/\/www.youtube.com\/watch?v=Bxav0Kn-tjE&#8221;][vc_custom_heading text=&#8221;Sa\u011fl\u0131k Raporu | 05.05.2014&#8243; font_container=&#8221;tag:h2|text_align:center&#8221; google_fonts=&#8221;font_family:Raleway%3A100%2C200%2C300%2Cregular%2C500%2C600%2C700%2C800%2C900|font_style:700%20bold%20regular%3A700%3Anormal&#8221;][\/vc_column][vc_column width=&#8221;1\/6&#8243;][\/vc_column][\/vc_row]<\/p>\n","protected":false},"excerpt":{"rendered":"<p>[vc_row][vc_column width=&#8221;1\/6&#8243;][\/vc_column][vc_column width=&#8221;1\/6&#8243;][vc_video link=&#8221;https:\/\/www.youtube.com\/watch?v=8WnuNw5G0s8&#8243;][vc_custom_heading text=&#8221;Sa\u011fl\u0131k Raporu | 06.06.2021&#8243; font_container=&#8221;tag:h2|text_align:center&#8221; google_fonts=&#8221;font_family:Raleway%3A100%2C200%2C300%2Cregular%2C500%2C600%2C700%2C800%2C900|font_style:700%20bold%20regular%3A700%3Anormal&#8221;][\/vc_column][vc_column width=&#8221;1\/6&#8243; el_class=&#8221;ml&#8221;][vc_video link=&#8221;https:\/\/youtu.be\/Gxwix6cTIeA?t=152&#8243;][vc_custom_heading text=&#8221;Tiroid ve Karaci\u011fer, CNNTurk | 14.07.2018&#8243; font_container=&#8221;tag:h2|text_align:center&#8221; google_fonts=&#8221;font_family:Raleway%3A100%2C200%2C300%2Cregular%2C500%2C600%2C700%2C800%2C900|font_style:700%20bold%20regular%3A700%3Anormal&#8221;][\/vc_column][vc_column width=&#8221;1\/6&#8243; el_class=&#8221;ml&#8221;][vc_video link=&#8221;https:\/\/www.youtube.com\/watch?v=-OSgRlINmAA&#8221;][vc_custom_heading text=&#8221;Sa\u011fl\u0131kl\u0131 G\u00fcnler | 07.05.2021&#8243; font_container=&#8221;tag:h2|text_align:center&#8221; google_fonts=&#8221;font_family:Raleway%3A100%2C200%2C300%2Cregular%2C500%2C600%2C700%2C800%2C900|font_style:700%20bold%20regular%3A700%3Anormal&#8221;][\/vc_column][vc_column width=&#8221;1\/6&#8243; el_class=&#8221;ml&#8221;][vc_video link=&#8221;https:\/\/youtu.be\/A9il6SMmc9E?t=161&#8243;][vc_custom_heading text=&#8221;Sabah Sabah | 27.04.2021&#8243; font_container=&#8221;tag:h2|text_align:center&#8221; google_fonts=&#8221;font_family:Raleway%3A100%2C200%2C300%2Cregular%2C500%2C600%2C700%2C800%2C900|font_style:700%20bold%20regular%3A700%3Anormal&#8221;][\/vc_column][vc_column width=&#8221;1\/6&#8243;][\/vc_column][\/vc_row][vc_row][vc_column width=&#8221;1\/6&#8243;][\/vc_column][vc_column width=&#8221;1\/6&#8243;][vc_video link=&#8221;https:\/\/www.youtube.com\/watch?v=krBCeTEPvNs&#8221;][vc_custom_heading text=&#8221;Sa\u011fl\u0131k Kontrol\u00fc | 27.10.2018&#8243; font_container=&#8221;tag:h2|text_align:center&#8221; google_fonts=&#8221;font_family:Raleway%3A100%2C200%2C300%2Cregular%2C500%2C600%2C700%2C800%2C900|font_style:700%20bold%20regular%3A700%3Anormal&#8221;][\/vc_column][vc_column width=&#8221;1\/6&#8243; el_class=&#8221;ml&#8221;][vc_video link=&#8221;https:\/\/www.youtube.com\/watch?v=cT4FpZP9DVE&#8221;][vc_custom_heading text=&#8221;T\u0131pta Sim\u00fclasyon | [&hellip;]<\/p>\n","protected":false},"author":1,"featured_media":0,"parent":0,"menu_order":0,"comment_status":"closed","ping_status":"closed","template":"","meta":{"footnotes":""},"class_list":["post-21","page","type-page","status-publish","hentry"],"_links":{"self":[{"href":"https:\/\/mehmetemingunes.com\/de\/wp-json\/wp\/v2\/pages\/21","targetHints":{"allow":["GET"]}}],"collection":[{"href":"https:\/\/mehmetemingunes.com\/de\/wp-json\/wp\/v2\/pages"}],"about":[{"href":"https:\/\/mehmetemingunes.com\/de\/wp-json\/wp\/v2\/types\/page"}],"author":[{"embeddable":true,"href":"https:\/\/mehmetemingunes.com\/de\/wp-json\/wp\/v2\/users\/1"}],"replies":[{"embeddable":true,"href":"https:\/\/mehmetemingunes.com\/de\/wp-json\/wp\/v2\/comments?post=21"}],"version-history":[{"count":1,"href":"https:\/\/mehmetemingunes.com\/de\/wp-json\/wp\/v2\/pages\/21\/revisions"}],"predecessor-version":[{"id":909,"href":"https:\/\/mehmetemingunes.com\/de\/wp-json\/wp\/v2\/pages\/21\/revisions\/909"}],"wp:attachment":[{"href":"https:\/\/mehmetemingunes.com\/de\/wp-json\/wp\/v2\/media?parent=21"}],"curies":[{"name":"wp","href":"https:\/\/api.w.org\/{rel}","templated":true}]}}