{"id":486,"date":"2021-03-14T20:22:24","date_gmt":"2021-03-14T20:22:24","guid":{"rendered":"https:\/\/mehmetemingunes.com\/de\/?page_id=486"},"modified":"2023-03-21T12:33:35","modified_gmt":"2023-03-21T12:33:35","slug":"karahindiba","status":"publish","type":"page","link":"https:\/\/mehmetemingunes.com\/de\/karahindiba\/","title":{"rendered":"Karahindiba"},"content":{"rendered":"<p>[vc_row][vc_column]\t<!-- About Section -->\r\n\t<div class=\"about-section container-fluid no-left-padding no-right-padding\">\r\n\t\t<!-- Container -->\r\n\t\t<div class=\"container\">\r\n\t\t\t<div class=\"row\">\r\n\t\t\t\t\t\t\t\t\t\t<div class=\"col-md-8 col-sm-7 col-xs-12\">\r\n\t\t\t\t\t\t\t<div class=\"about-content\">\r\n\t\t\t\t\t\t\t\t<h5>Karahindiba<\/h5>\r\n\t\t\t\t\t\t\t\t\t\t<p>\u201eIch musste in dieser Nacht immer wieder an den Oktopus denken. Ich hatte sogar einen Traum. Ich war unter Wasser. Es war ein faszinierender Anblick. Ich war in Frieden. Die Angst war oben, an der Oberfl\u00e4che. Dann pl\u00f6tzlich, pl\u00f6tzlich, erschien eine Dunkelheit. Es kam schnell auf mich zu. Es w\u00fcrde mich verschlucken. Ich versuchte zu fliehen. Ich schwamm. Ich bin geschwommen... Ich bin zwischen den Felsen stecken geblieben. Mein Arm ist gebrochen. Ich konnte mich nicht bewegen. Da sah ich Kadir Beys Gesicht. \u201eDu schaffst das\u201c, sagte er. Hinter diesem Gesicht sprang ein Oktopus hervor, es war unvergleichlich sch\u00f6n. Er konnte meine Gedanken h\u00f6ren, da war ich mir sicher. Dann, dann bin ich aufgewacht.\u201c<\/p>\n<p>Mehmet Emin G\u00fcne\u015f stellt in seinem neuen Roman L\u00f6wenzahn sein ganzes K\u00f6nnen unter Beweis. Der Autor durchdringt einen mysteri\u00f6sen Vorhang, der den Leser fest in der Hand h\u00e4lt, mit einem zarten Stil und einer straffen Handlung. Dabei fl\u00fcstert er Wort f\u00fcr Wort, dass das Wichtigste nicht die Geschichte sei, sondern die Themen wie Mystik, Liebe, Freundschaft und Schicksal, um die sich die Geschichte ranke.<\/p>\n<p>L\u00f6wenzahn, den Sie atemlos lesen werden, l\u00e4dt alle, die den Mut haben, sich selbst zu begegnen, zu einem einzigartigen Leseerlebnis ein.<\/p>\n\t\t\t\t\t\t\t<\/div>\r\n\t\t\t\t\t\t<\/div>\r\n\t\t\t\t\t\t\t\t\t\t\t\t<div class=\"col-md-4 col-sm-5 col-xs-12 about-img\">\r\n\t\t\t\t\t\t\t<img decoding=\"async\" width=\"320\" height=\"461\" src=\"https:\/\/mehmetemingunes.com\/de\/wp-content\/uploads\/2021\/03\/1-320x461.jpg\" class=\"attachment-doctor_370_461 size-doctor_370_461\" alt=\"\" \/>\t\t\t\t\t\t<\/div>\r\n\t\t\t\t\t\t\t\t\t<\/div>\r\n\t\t<\/div><!-- Container \/- -->\r\n\t<\/div><!-- About Section -->\r\n\t[\/vc_column][\/vc_row]<\/p>\n","protected":false},"excerpt":{"rendered":"<p>[vc_row][vc_column][\/vc_column][\/vc_row]<\/p>\n","protected":false},"author":1,"featured_media":0,"parent":0,"menu_order":0,"comment_status":"closed","ping_status":"closed","template":"","meta":{"footnotes":""},"class_list":["post-486","page","type-page","status-publish","hentry"],"_links":{"self":[{"href":"https:\/\/mehmetemingunes.com\/de\/wp-json\/wp\/v2\/pages\/486","targetHints":{"allow":["GET"]}}],"collection":[{"href":"https:\/\/mehmetemingunes.com\/de\/wp-json\/wp\/v2\/pages"}],"about":[{"href":"https:\/\/mehmetemingunes.com\/de\/wp-json\/wp\/v2\/types\/page"}],"author":[{"embeddable":true,"href":"https:\/\/mehmetemingunes.com\/de\/wp-json\/wp\/v2\/users\/1"}],"replies":[{"embeddable":true,"href":"https:\/\/mehmetemingunes.com\/de\/wp-json\/wp\/v2\/comments?post=486"}],"version-history":[{"count":4,"href":"https:\/\/mehmetemingunes.com\/de\/wp-json\/wp\/v2\/pages\/486\/revisions"}],"predecessor-version":[{"id":932,"href":"https:\/\/mehmetemingunes.com\/de\/wp-json\/wp\/v2\/pages\/486\/revisions\/932"}],"wp:attachment":[{"href":"https:\/\/mehmetemingunes.com\/de\/wp-json\/wp\/v2\/media?parent=486"}],"curies":[{"name":"wp","href":"https:\/\/api.w.org\/{rel}","templated":true}]}}