{"id":492,"date":"2021-03-14T20:42:09","date_gmt":"2021-03-14T20:42:09","guid":{"rendered":"https:\/\/mehmetemingunes.com\/de\/?page_id=492"},"modified":"2023-03-21T11:12:43","modified_gmt":"2023-03-21T11:12:43","slug":"insan-kokusu","status":"publish","type":"page","link":"https:\/\/mehmetemingunes.com\/de\/insan-kokusu\/","title":{"rendered":"\u0130nsan Kokusu"},"content":{"rendered":"<p>[vc_row][vc_column]\t<!-- About Section -->\r\n\t<div class=\"about-section container-fluid no-left-padding no-right-padding\">\r\n\t\t<!-- Container -->\r\n\t\t<div class=\"container\">\r\n\t\t\t<div class=\"row\">\r\n\t\t\t\t\t\t\t\t\t\t<div class=\"col-md-8 col-sm-7 col-xs-12\">\r\n\t\t\t\t\t\t\t<div class=\"about-content\">\r\n\t\t\t\t\t\t\t\t<h5>\u0130nsan Kokusu<\/h5>\r\n\t\t\t\t\t\t\t\t\t\t<p>Das Schicksal bringt Menschen vor dich, aber du entscheidest, wie du mit ihnen umgehst.<\/p>\n<p>Mehmet Emin G\u00fcne\u015f erz\u00e4hlt in seinem neusten Roman The Smell of Man das wechselhafte Schicksal von Menschen, deren Wege sich in einem unerwarteten Moment des Lebens kreuzen, der dich fest einh\u00fcllen, hineinziehen, durchsch\u00fctteln und dir vielleicht das Gef\u00fchl geben wird, es warst gestanzt. Dies ist die Geschichte gew\u00f6hnlicher Menschen. Wer wei\u00df, vielleicht ist es der gleiche Grund, warum es so effektiv ist und Spuren hinterl\u00e4sst; Denn diejenigen, deren Schmerz und Freude Sie tief in Ihrem Herzen sp\u00fcren, sind immer diejenigen, die Ihnen am n\u00e4chsten stehen.Human Scent l\u00e4dt Sie ein in das Leben nicht nur fiktiver Charaktere, sondern vielleicht auch realer Menschen, die im Haus direkt neben Ihnen leben.<\/p>\n\t\t\t\t\t\t\t<\/div>\r\n\t\t\t\t\t\t<\/div>\r\n\t\t\t\t\t\t\t\t\t\t\t\t<div class=\"col-md-4 col-sm-5 col-xs-12 about-img\">\r\n\t\t\t\t\t\t\t<img decoding=\"async\" width=\"370\" height=\"461\" src=\"https:\/\/mehmetemingunes.com\/de\/wp-content\/uploads\/2021\/03\/0000000614873-1-1-370x461.jpg\" class=\"attachment-doctor_370_461 size-doctor_370_461\" alt=\"\" \/>\t\t\t\t\t\t<\/div>\r\n\t\t\t\t\t\t\t\t\t<\/div>\r\n\t\t<\/div><!-- Container \/- -->\r\n\t<\/div><!-- About Section -->\r\n\t[\/vc_column][\/vc_row]<\/p>\n","protected":false},"excerpt":{"rendered":"<p>[vc_row][vc_column][\/vc_column][\/vc_row]<\/p>\n","protected":false},"author":1,"featured_media":0,"parent":0,"menu_order":0,"comment_status":"closed","ping_status":"closed","template":"","meta":{"footnotes":""},"class_list":["post-492","page","type-page","status-publish","hentry"],"_links":{"self":[{"href":"https:\/\/mehmetemingunes.com\/de\/wp-json\/wp\/v2\/pages\/492","targetHints":{"allow":["GET"]}}],"collection":[{"href":"https:\/\/mehmetemingunes.com\/de\/wp-json\/wp\/v2\/pages"}],"about":[{"href":"https:\/\/mehmetemingunes.com\/de\/wp-json\/wp\/v2\/types\/page"}],"author":[{"embeddable":true,"href":"https:\/\/mehmetemingunes.com\/de\/wp-json\/wp\/v2\/users\/1"}],"replies":[{"embeddable":true,"href":"https:\/\/mehmetemingunes.com\/de\/wp-json\/wp\/v2\/comments?post=492"}],"version-history":[{"count":3,"href":"https:\/\/mehmetemingunes.com\/de\/wp-json\/wp\/v2\/pages\/492\/revisions"}],"predecessor-version":[{"id":920,"href":"https:\/\/mehmetemingunes.com\/de\/wp-json\/wp\/v2\/pages\/492\/revisions\/920"}],"wp:attachment":[{"href":"https:\/\/mehmetemingunes.com\/de\/wp-json\/wp\/v2\/media?parent=492"}],"curies":[{"name":"wp","href":"https:\/\/api.w.org\/{rel}","templated":true}]}}