{"id":518,"date":"2021-03-14T21:13:37","date_gmt":"2021-03-14T21:13:37","guid":{"rendered":"https:\/\/mehmetemingunes.com\/de\/?page_id=518"},"modified":"2023-03-22T08:11:48","modified_gmt":"2023-03-22T08:11:48","slug":"brustchirurgie","status":"publish","type":"page","link":"https:\/\/mehmetemingunes.com\/de\/brustchirurgie\/","title":{"rendered":"Brustchirurgie"},"content":{"rendered":"<p>[vc_row][vc_column]\t<!-- About Section -->\r\n\t<div class=\"about-section container-fluid no-left-padding no-right-padding\">\r\n\t\t<!-- Container -->\r\n\t\t<div class=\"container\">\r\n\t\t\t<div class=\"row\">\r\n\t\t\t\t\t\t\t\t\t\t<div class=\"col-md-8 col-sm-7 col-xs-12\">\r\n\t\t\t\t\t\t\t<div class=\"about-content\">\r\n\t\t\t\t\t\t\t\t<h5>Brustchirurgie<\/h5>\r\n\t\t\t\t\t\t\t\t\t\t<p>Brustbeschwerden geh\u00f6ren zu den wichtigen Gesundheitsproblemen, unter denen Frauen und teilweise auch M\u00e4nner leiden. Sie umfasst die Operation und Nachsorge gutartiger und b\u00f6sartiger b\u00f6sartiger Erkrankungen (Krebs) der Brustdr\u00fcse, die eine endokrine Dr\u00fcse ist.<\/p>\n\t\t\t\t\t\t\t<\/div>\r\n\t\t\t\t\t\t<\/div>\r\n\t\t\t\t\t\t\t\t\t<\/div>\r\n\t\t<\/div><!-- Container \/- -->\r\n\t<\/div><!-- About Section -->\r\n\t[\/vc_column][\/vc_row][vc_row][vc_column]\t<!-- Department Section -->\r\n\t<div class=\"department-section container-fluid no-left-padding no-right-padding\">\r\n\t\t<!-- Container -->\r\n\t\t<div class=\"container\">\r\n\t\t\t\t\t\t\t\t<div class=\"department-header\">\r\n\t\t\t\t\t\t<h5>ABSCHNITTE<\/h5>\r\n\t\t\t\t\t<\/div>\r\n\t\t\t\t\t\t\r\n\t\t\t\t\t<div class=\"row\">\r\n\t\t\t\t\t\t\t\t\t\t\t\t\t\t\t<div class=\"col-md-2 col-sm-6 col-xs-6 department-box\">\r\n\t\t\t\t\t\t\t\t\t\t<div class=\"department-img-block\">\r\n\t\t\t\t\t\t\t\t\t\t\t<img decoding=\"async\" width=\"85\" height=\"85\" src=\"https:\/\/mehmetemingunes.com\/de\/wp-content\/uploads\/2021\/03\/dept-3.png\" class=\"attachment-full size-full\" alt=\"\" \/><a href=\"https:\/\/mehmetemingunes.com\/de\/generelle-operation\/\" title=\"Generelle Operation\">Generelle Operation<\/a>\t\t\t\t\t\t\t\t\t\t<\/div>\r\n\t\t\t\t\t\t\t\t\t<\/div>\r\n\t\t\t\t\t\t\t\t\t\t\t\t\t\t\t\t\t\t<div class=\"col-md-2 col-sm-6 col-xs-6 department-box\">\r\n\t\t\t\t\t\t\t\t\t\t<div class=\"department-img-block\">\r\n\t\t\t\t\t\t\t\t\t\t\t<img decoding=\"async\" width=\"85\" height=\"85\" src=\"https:\/\/mehmetemingunes.com\/de\/wp-content\/uploads\/2021\/03\/dept-2.png\" class=\"attachment-full size-full\" alt=\"\" \/><a href=\"https:\/\/mehmetemingunes.com\/de\/onkologische-chirurgie\/\" title=\"Onkologische Chirurgie\">Onkologische Chirurgie<\/a>\t\t\t\t\t\t\t\t\t\t<\/div>\r\n\t\t\t\t\t\t\t\t\t<\/div>\r\n\t\t\t\t\t\t\t\t\t\t\t\t\t\t\t\t\t\t<div class=\"col-md-2 col-sm-6 col-xs-6 department-box\">\r\n\t\t\t\t\t\t\t\t\t\t<div class=\"department-img-block\">\r\n\t\t\t\t\t\t\t\t\t\t\t<img decoding=\"async\" width=\"85\" height=\"85\" src=\"https:\/\/mehmetemingunes.com\/de\/wp-content\/uploads\/2021\/03\/dept-4.png\" class=\"attachment-full size-full\" alt=\"\" \/><a href=\"https:\/\/mehmetemingunes.com\/de\/fettleibigkeit-und-stoffwechsel\/\" title=\"Fettleibigkeit und Stoffwechsel\">Fettleibigkeit und Stoffwechsel<\/a>\t\t\t\t\t\t\t\t\t\t<\/div>\r\n\t\t\t\t\t\t\t\t\t<\/div>\r\n\t\t\t\t\t\t\t\t\t\t\t\t\t\t\t\t\t\t<div class=\"col-md-2 col-sm-6 col-xs-6 department-box\">\r\n\t\t\t\t\t\t\t\t\t\t<div class=\"department-img-block\">\r\n\t\t\t\t\t\t\t\t\t\t\t<img decoding=\"async\" width=\"85\" height=\"85\" src=\"https:\/\/mehmetemingunes.com\/de\/wp-content\/uploads\/2021\/03\/dept-1.png\" class=\"attachment-full size-full\" alt=\"\" \/><a href=\"https:\/\/mehmetemingunes.com\/de\/mesotherapie\/\" title=\"Mesotherapie\">Mesotherapie<\/a>\t\t\t\t\t\t\t\t\t\t<\/div>\r\n\t\t\t\t\t\t\t\t\t<\/div>\r\n\t\t\t\t\t\t\t\t\t\t\t\t\t\t\t\t\t\t<div class=\"col-md-2 col-sm-6 col-xs-6 department-box\">\r\n\t\t\t\t\t\t\t\t\t\t<div class=\"department-img-block\">\r\n\t\t\t\t\t\t\t\t\t\t\t<img decoding=\"async\" width=\"85\" height=\"85\" src=\"https:\/\/mehmetemingunes.com\/de\/wp-content\/uploads\/2021\/03\/dept-6.png\" class=\"attachment-full size-full\" alt=\"\" \/><a href=\"https:\/\/mehmetemingunes.com\/de\/schilddr\u00fcsenchirurgie\/\" title=\"Schilddr\u00fcsenchirurgie\">Schilddr\u00fcsenchirurgie<\/a>\t\t\t\t\t\t\t\t\t\t<\/div>\r\n\t\t\t\t\t\t\t\t\t<\/div>\r\n\t\t\t\t\t\t\t\t\t\t\t\t\t\t\t\t\t\t<div class=\"col-md-2 col-sm-6 col-xs-6 department-box\">\r\n\t\t\t\t\t\t\t\t\t\t<div class=\"department-img-block\">\r\n\t\t\t\t\t\t\t\t\t\t\t<img decoding=\"async\" width=\"85\" height=\"85\" src=\"https:\/\/mehmetemingunes.com\/de\/wp-content\/uploads\/2021\/03\/dept-5.png\" class=\"attachment-full size-full\" alt=\"\" \/><a href=\"https:\/\/mehmetemingunes.com\/de\/brustchirurgie\/\" title=\"Brustchirurgie\">Brustchirurgie<\/a>\t\t\t\t\t\t\t\t\t\t<\/div>\r\n\t\t\t\t\t\t\t\t\t<\/div>\r\n\t\t\t\t\t\t\t\t\t\t\t\t\t\t\t\t\t\t<div class=\"col-md-2 col-sm-6 col-xs-6 department-box\">\r\n\t\t\t\t\t\t\t\t\t\t<div class=\"department-img-block\">\r\n\t\t\t\t\t\t\t\t\t\t\t<img decoding=\"async\" width=\"85\" height=\"85\" src=\"https:\/\/mehmetemingunes.com\/de\/wp-content\/uploads\/2021\/03\/dept-7.png\" class=\"attachment-full size-full\" alt=\"\" \/><a href=\"https:\/\/mehmetemingunes.com\/de\/chirurgie-des-verdauungssystems\/\" title=\"Chirurgie des Verdauungssystems\">Chirurgie des Verdauungssystems<\/a>\t\t\t\t\t\t\t\t\t\t<\/div>\r\n\t\t\t\t\t\t\t\t\t<\/div>\r\n\t\t\t\t\t\t\t\t\t\t\t\t\t\t\t\t\t\t<div class=\"col-md-2 col-sm-6 col-xs-6 department-box\">\r\n\t\t\t\t\t\t\t\t\t\t<div class=\"department-img-block\">\r\n\t\t\t\t\t\t\t\t\t\t\t<img decoding=\"async\" width=\"85\" height=\"85\" src=\"https:\/\/mehmetemingunes.com\/de\/wp-content\/uploads\/2021\/03\/dept-8.png\" class=\"attachment-full size-full\" alt=\"\" \/><a href=\"https:\/\/mehmetemingunes.com\/de\/leber-und-gallenwege\/\" title=\"Leber und Gallenwege\">Leber und Gallenwege<\/a>\t\t\t\t\t\t\t\t\t\t<\/div>\r\n\t\t\t\t\t\t\t\t\t<\/div>\r\n\t\t\t\t\t\t\t\t\t\t\t\t\t\t\t\t\t\t<div class=\"col-md-2 col-sm-6 col-xs-6 department-box\">\r\n\t\t\t\t\t\t\t\t\t\t<div class=\"department-img-block\">\r\n\t\t\t\t\t\t\t\t\t\t\t<img decoding=\"async\" width=\"85\" height=\"85\" src=\"https:\/\/mehmetemingunes.com\/de\/wp-content\/uploads\/2021\/03\/dept-10.png\" class=\"attachment-full size-full\" alt=\"\" \/><a href=\"https:\/\/mehmetemingunes.com\/de\/endoskopie\/\" title=\"Endoskopie\">Endoskopie<\/a>\t\t\t\t\t\t\t\t\t\t<\/div>\r\n\t\t\t\t\t\t\t\t\t<\/div>\r\n\t\t\t\t\t\t\t\t\t\t\t\t\t\t\t\t\t\t<div class=\"col-md-2 col-sm-6 col-xs-6 department-box\">\r\n\t\t\t\t\t\t\t\t\t\t<div class=\"department-img-block\">\r\n\t\t\t\t\t\t\t\t\t\t\t<img decoding=\"async\" width=\"85\" height=\"85\" src=\"https:\/\/mehmetemingunes.com\/de\/wp-content\/uploads\/2021\/03\/dept-9-1.png\" class=\"attachment-full size-full\" alt=\"\" \/><a href=\"https:\/\/mehmetemingunes.com\/de\/notoperation\/\" title=\"Notoperation\">Notoperation<\/a>\t\t\t\t\t\t\t\t\t\t<\/div>\r\n\t\t\t\t\t\t\t\t\t<\/div>\r\n\t\t\t\t\t\t\t\t\t\t\t\t\t\t<\/div>\r\n\t\t\t\t\t\t\t\t\t\t<div class=\"show-all\">\r\n\t\t\t\t\t\t<a href=\"https:\/\/mehmetemingunes.com\/de\/dienste\/\" title=\"F\u00fcr detaillierte Informationen\">F\u00fcr detaillierte Informationen<\/a>\r\n\t\t\t\t\t<\/div>\r\n\t\t\t\t\t\t\t<\/div><!-- Container \/- -->\r\n\t<\/div><!-- Department Section -->\r\n\t[\/vc_column][\/vc_row]<\/p>\n","protected":false},"excerpt":{"rendered":"<p>[vc_row][vc_column][\/vc_column][\/vc_row][vc_row][vc_column][\/vc_column][\/vc_row]<\/p>\n","protected":false},"author":1,"featured_media":0,"parent":0,"menu_order":0,"comment_status":"closed","ping_status":"closed","template":"","meta":{"footnotes":""},"class_list":["post-518","page","type-page","status-publish","hentry"],"_links":{"self":[{"href":"https:\/\/mehmetemingunes.com\/de\/wp-json\/wp\/v2\/pages\/518","targetHints":{"allow":["GET"]}}],"collection":[{"href":"https:\/\/mehmetemingunes.com\/de\/wp-json\/wp\/v2\/pages"}],"about":[{"href":"https:\/\/mehmetemingunes.com\/de\/wp-json\/wp\/v2\/types\/page"}],"author":[{"embeddable":true,"href":"https:\/\/mehmetemingunes.com\/de\/wp-json\/wp\/v2\/users\/1"}],"replies":[{"embeddable":true,"href":"https:\/\/mehmetemingunes.com\/de\/wp-json\/wp\/v2\/comments?post=518"}],"version-history":[{"count":3,"href":"https:\/\/mehmetemingunes.com\/de\/wp-json\/wp\/v2\/pages\/518\/revisions"}],"predecessor-version":[{"id":950,"href":"https:\/\/mehmetemingunes.com\/de\/wp-json\/wp\/v2\/pages\/518\/revisions\/950"}],"wp:attachment":[{"href":"https:\/\/mehmetemingunes.com\/de\/wp-json\/wp\/v2\/media?parent=518"}],"curies":[{"name":"wp","href":"https:\/\/api.w.org\/{rel}","templated":true}]}}